{"id":2309,"date":"2021-03-02T18:37:53","date_gmt":"2021-03-02T17:37:53","guid":{"rendered":"https:\/\/imeens.com\/accueil\/"},"modified":"2022-03-16T17:42:27","modified_gmt":"2022-03-16T16:42:27","slug":"accueil","status":"publish","type":"page","link":"https:\/\/imeens.com\/en\/","title":{"rendered":"Home Page"},"content":{"rendered":"\r\n<p>&nbsp;<\/p>\r\n","protected":false},"excerpt":{"rendered":"<p>&nbsp;<\/p>\n","protected":false},"author":1,"featured_media":2310,"parent":0,"menu_order":0,"comment_status":"closed","ping_status":"open","template":"templates\/template-flexible.php","meta":[],"acf":[],"yoast_head":"<!-- This site is optimized with the Yoast SEO plugin v19.13 - https:\/\/yoast.com\/wordpress\/plugins\/seo\/ -->\n<title>Giant all-in-one LED Screens Imeens \u00ae - MicroLED 4K display &amp; LED TVs<\/title>\n<meta name=\"description\" content=\"Giant all-in-one LED Screens Imeens\u00ae MicroLED 4K display &amp; LED TVs for professional and individual. LED display and audiovisual AV solution.\" \/>\n<meta name=\"robots\" content=\"index, follow, max-snippet:-1, max-image-preview:large, max-video-preview:-1\" \/>\n<link rel=\"canonical\" href=\"https:\/\/imeens.com\/en\/\" \/>\n<meta property=\"og:locale\" content=\"en_US\" \/>\n<meta property=\"og:type\" content=\"article\" \/>\n<meta property=\"og:title\" content=\"Giant all-in-one LED Screens Imeens \u00ae - MicroLED 4K display &amp; LED TVs\" \/>\n<meta property=\"og:description\" content=\"Giant all-in-one LED Screens Imeens\u00ae MicroLED 4K display &amp; LED TVs for professional and individual. LED display and audiovisual AV solution.\" \/>\n<meta property=\"og:url\" content=\"https:\/\/imeens.com\/en\/\" \/>\n<meta property=\"og:site_name\" content=\"Imeens\" \/>\n<meta property=\"article:modified_time\" content=\"2022-03-16T16:42:27+00:00\" \/>\n<meta property=\"og:image\" content=\"https:\/\/imeens.com\/wp-content\/uploads\/2021\/06\/logo-home.jpg\" \/>\n\t<meta property=\"og:image:width\" content=\"400\" \/>\n\t<meta property=\"og:image:height\" content=\"400\" \/>\n\t<meta property=\"og:image:type\" content=\"image\/jpeg\" \/>\n<meta name=\"twitter:card\" content=\"summary_large_image\" \/>\n<script type=\"application\/ld+json\" class=\"yoast-schema-graph\">{\"@context\":\"https:\/\/schema.org\",\"@graph\":[{\"@type\":\"WebPage\",\"@id\":\"https:\/\/imeens.com\/en\/\",\"url\":\"https:\/\/imeens.com\/en\/\",\"name\":\"Giant all-in-one LED Screens Imeens \u00ae - MicroLED 4K display & LED TVs\",\"isPartOf\":{\"@id\":\"https:\/\/imeens.com\/#website\"},\"datePublished\":\"2021-03-02T17:37:53+00:00\",\"dateModified\":\"2022-03-16T16:42:27+00:00\",\"description\":\"Giant all-in-one LED Screens Imeens\u00ae MicroLED 4K display & LED TVs for professional and individual. LED display and audiovisual AV solution.\",\"inLanguage\":\"en-US\",\"potentialAction\":[{\"@type\":\"ReadAction\",\"target\":[\"https:\/\/imeens.com\/en\/\"]}]},{\"@type\":\"WebSite\",\"@id\":\"https:\/\/imeens.com\/#website\",\"url\":\"https:\/\/imeens.com\/\",\"name\":\"Imeens\",\"description\":\"Mur LED, \u00e9cran g\u00e9ant LED et mur d&#039;\u00e9cran MicroLED 4K\",\"publisher\":{\"@id\":\"https:\/\/imeens.com\/#organization\"},\"potentialAction\":[{\"@type\":\"SearchAction\",\"target\":{\"@type\":\"EntryPoint\",\"urlTemplate\":\"https:\/\/imeens.com\/?s={search_term_string}\"},\"query-input\":\"required name=search_term_string\"}],\"inLanguage\":\"en-US\"},{\"@type\":\"Organization\",\"@id\":\"https:\/\/imeens.com\/#organization\",\"name\":\"Imeens\u00ae - \u00c9cran g\u00e9ant\",\"url\":\"https:\/\/imeens.com\/\",\"logo\":{\"@type\":\"ImageObject\",\"inLanguage\":\"en-US\",\"@id\":\"https:\/\/imeens.com\/#\/schema\/logo\/image\/\",\"url\":\"https:\/\/imeens.com\/wp-content\/uploads\/2022\/02\/Logo-imeens-noir.png\",\"contentUrl\":\"https:\/\/imeens.com\/wp-content\/uploads\/2022\/02\/Logo-imeens-noir.png\",\"width\":2084,\"height\":467,\"caption\":\"Imeens\u00ae - \u00c9cran g\u00e9ant\"},\"image\":{\"@id\":\"https:\/\/imeens.com\/#\/schema\/logo\/image\/\"}}]}<\/script>\n<!-- \/ Yoast SEO plugin. -->","yoast_head_json":{"title":"Giant all-in-one LED Screens Imeens \u00ae - MicroLED 4K display & LED TVs","description":"Giant all-in-one LED Screens Imeens\u00ae MicroLED 4K display & LED TVs for professional and individual. LED display and audiovisual AV solution.","robots":{"index":"index","follow":"follow","max-snippet":"max-snippet:-1","max-image-preview":"max-image-preview:large","max-video-preview":"max-video-preview:-1"},"canonical":"https:\/\/imeens.com\/en\/","og_locale":"en_US","og_type":"article","og_title":"Giant all-in-one LED Screens Imeens \u00ae - MicroLED 4K display & LED TVs","og_description":"Giant all-in-one LED Screens Imeens\u00ae MicroLED 4K display & LED TVs for professional and individual. LED display and audiovisual AV solution.","og_url":"https:\/\/imeens.com\/en\/","og_site_name":"Imeens","article_modified_time":"2022-03-16T16:42:27+00:00","og_image":[{"width":400,"height":400,"url":"https:\/\/imeens.com\/wp-content\/uploads\/2021\/06\/logo-home.jpg","type":"image\/jpeg"}],"twitter_card":"summary_large_image","schema":{"@context":"https:\/\/schema.org","@graph":[{"@type":"WebPage","@id":"https:\/\/imeens.com\/en\/","url":"https:\/\/imeens.com\/en\/","name":"Giant all-in-one LED Screens Imeens \u00ae - MicroLED 4K display & LED TVs","isPartOf":{"@id":"https:\/\/imeens.com\/#website"},"datePublished":"2021-03-02T17:37:53+00:00","dateModified":"2022-03-16T16:42:27+00:00","description":"Giant all-in-one LED Screens Imeens\u00ae MicroLED 4K display & LED TVs for professional and individual. LED display and audiovisual AV solution.","inLanguage":"en-US","potentialAction":[{"@type":"ReadAction","target":["https:\/\/imeens.com\/en\/"]}]},{"@type":"WebSite","@id":"https:\/\/imeens.com\/#website","url":"https:\/\/imeens.com\/","name":"Imeens","description":"Mur LED, \u00e9cran g\u00e9ant LED et mur d&#039;\u00e9cran MicroLED 4K","publisher":{"@id":"https:\/\/imeens.com\/#organization"},"potentialAction":[{"@type":"SearchAction","target":{"@type":"EntryPoint","urlTemplate":"https:\/\/imeens.com\/?s={search_term_string}"},"query-input":"required name=search_term_string"}],"inLanguage":"en-US"},{"@type":"Organization","@id":"https:\/\/imeens.com\/#organization","name":"Imeens\u00ae - \u00c9cran g\u00e9ant","url":"https:\/\/imeens.com\/","logo":{"@type":"ImageObject","inLanguage":"en-US","@id":"https:\/\/imeens.com\/#\/schema\/logo\/image\/","url":"https:\/\/imeens.com\/wp-content\/uploads\/2022\/02\/Logo-imeens-noir.png","contentUrl":"https:\/\/imeens.com\/wp-content\/uploads\/2022\/02\/Logo-imeens-noir.png","width":2084,"height":467,"caption":"Imeens\u00ae - \u00c9cran g\u00e9ant"},"image":{"@id":"https:\/\/imeens.com\/#\/schema\/logo\/image\/"}}]}},"_links":{"self":[{"href":"https:\/\/imeens.com\/en\/wp-json\/wp\/v2\/pages\/2309"}],"collection":[{"href":"https:\/\/imeens.com\/en\/wp-json\/wp\/v2\/pages"}],"about":[{"href":"https:\/\/imeens.com\/en\/wp-json\/wp\/v2\/types\/page"}],"author":[{"embeddable":true,"href":"https:\/\/imeens.com\/en\/wp-json\/wp\/v2\/users\/1"}],"replies":[{"embeddable":true,"href":"https:\/\/imeens.com\/en\/wp-json\/wp\/v2\/comments?post=2309"}],"version-history":[{"count":61,"href":"https:\/\/imeens.com\/en\/wp-json\/wp\/v2\/pages\/2309\/revisions"}],"predecessor-version":[{"id":5016,"href":"https:\/\/imeens.com\/en\/wp-json\/wp\/v2\/pages\/2309\/revisions\/5016"}],"wp:featuredmedia":[{"embeddable":true,"href":"https:\/\/imeens.com\/en\/wp-json\/wp\/v2\/media\/2310"}],"wp:attachment":[{"href":"https:\/\/imeens.com\/en\/wp-json\/wp\/v2\/media?parent=2309"}],"curies":[{"name":"wp","href":"https:\/\/api.w.org\/{rel}","templated":true}]}}