{"id":2391,"date":"2021-03-23T15:59:04","date_gmt":"2021-03-23T14:59:04","guid":{"rendered":"https:\/\/imeens.com\/imeens-for-business\/"},"modified":"2022-01-12T09:51:06","modified_gmt":"2022-01-12T08:51:06","slug":"imeens-for-business","status":"publish","type":"page","link":"https:\/\/imeens.com\/en\/imeens-for-business\/","title":{"rendered":"Imeens\u00aeforBUSINESS"},"content":{"rendered":"","protected":false},"excerpt":{"rendered":"","protected":false},"author":1,"featured_media":5368,"parent":0,"menu_order":0,"comment_status":"closed","ping_status":"closed","template":"templates\/template-flexible.php","meta":[],"acf":[],"yoast_head":"<!-- This site is optimized with the Yoast SEO plugin v19.13 - https:\/\/yoast.com\/wordpress\/plugins\/seo\/ -->\n<title>Imeens | Imeens\u00aeforBUSINESS<\/title>\n<meta name=\"description\" content=\"D\u00e9couvrez les plus grands t\u00e9l\u00e9viseurs LED au monde. IMEENS\u00ae t\u00e9l\u00e9viseurs LED grand format con\u00e7us pour les professionnels. TV grand format LED \u00e9cran g\u00e9ant prix et tarifs ecran geant int\u00e9rieur tv grand format tv grandes tailles shenzhen\" \/>\n<meta name=\"robots\" content=\"index, follow, max-snippet:-1, max-image-preview:large, max-video-preview:-1\" \/>\n<link rel=\"canonical\" href=\"https:\/\/imeens.com\/en\/imeens-for-business\/\" \/>\n<meta property=\"og:locale\" content=\"en_US\" \/>\n<meta property=\"og:type\" content=\"article\" \/>\n<meta property=\"og:title\" content=\"Imeens | Imeens\u00aeforBUSINESS\" \/>\n<meta property=\"og:description\" content=\"D\u00e9couvrez les plus grands t\u00e9l\u00e9viseurs LED au monde. IMEENS\u00ae t\u00e9l\u00e9viseurs LED grand format con\u00e7us pour les professionnels. TV grand format LED \u00e9cran g\u00e9ant prix et tarifs ecran geant int\u00e9rieur tv grand format tv grandes tailles shenzhen\" \/>\n<meta property=\"og:url\" content=\"https:\/\/imeens.com\/en\/imeens-for-business\/\" \/>\n<meta property=\"og:site_name\" content=\"Imeens\" \/>\n<meta property=\"article:modified_time\" content=\"2022-01-12T08:51:06+00:00\" \/>\n<meta name=\"twitter:card\" content=\"summary_large_image\" \/>\n<script type=\"application\/ld+json\" class=\"yoast-schema-graph\">{\"@context\":\"https:\/\/schema.org\",\"@graph\":[{\"@type\":\"WebPage\",\"@id\":\"https:\/\/imeens.com\/en\/imeens-for-business\/\",\"url\":\"https:\/\/imeens.com\/en\/imeens-for-business\/\",\"name\":\"Imeens | Imeens\u00aeforBUSINESS\",\"isPartOf\":{\"@id\":\"https:\/\/imeens.com\/#website\"},\"datePublished\":\"2021-03-23T14:59:04+00:00\",\"dateModified\":\"2022-01-12T08:51:06+00:00\",\"description\":\"D\u00e9couvrez les plus grands t\u00e9l\u00e9viseurs LED au monde. IMEENS\u00ae t\u00e9l\u00e9viseurs LED grand format con\u00e7us pour les professionnels. TV grand format LED \u00e9cran g\u00e9ant prix et tarifs ecran geant int\u00e9rieur tv grand format tv grandes tailles shenzhen\",\"inLanguage\":\"en-US\",\"potentialAction\":[{\"@type\":\"ReadAction\",\"target\":[\"https:\/\/imeens.com\/en\/imeens-for-business\/\"]}]},{\"@type\":\"WebSite\",\"@id\":\"https:\/\/imeens.com\/#website\",\"url\":\"https:\/\/imeens.com\/\",\"name\":\"Imeens\",\"description\":\"Mur LED, \u00e9cran g\u00e9ant LED et mur d&#039;\u00e9cran MicroLED 4K\",\"publisher\":{\"@id\":\"https:\/\/imeens.com\/#organization\"},\"potentialAction\":[{\"@type\":\"SearchAction\",\"target\":{\"@type\":\"EntryPoint\",\"urlTemplate\":\"https:\/\/imeens.com\/?s={search_term_string}\"},\"query-input\":\"required name=search_term_string\"}],\"inLanguage\":\"en-US\"},{\"@type\":\"Organization\",\"@id\":\"https:\/\/imeens.com\/#organization\",\"name\":\"Imeens\u00ae - \u00c9cran g\u00e9ant\",\"url\":\"https:\/\/imeens.com\/\",\"logo\":{\"@type\":\"ImageObject\",\"inLanguage\":\"en-US\",\"@id\":\"https:\/\/imeens.com\/#\/schema\/logo\/image\/\",\"url\":\"https:\/\/imeens.com\/wp-content\/uploads\/2022\/02\/Logo-imeens-noir.png\",\"contentUrl\":\"https:\/\/imeens.com\/wp-content\/uploads\/2022\/02\/Logo-imeens-noir.png\",\"width\":2084,\"height\":467,\"caption\":\"Imeens\u00ae - \u00c9cran g\u00e9ant\"},\"image\":{\"@id\":\"https:\/\/imeens.com\/#\/schema\/logo\/image\/\"}}]}<\/script>\n<!-- \/ Yoast SEO plugin. -->","yoast_head_json":{"title":"Imeens | Imeens\u00aeforBUSINESS","description":"D\u00e9couvrez les plus grands t\u00e9l\u00e9viseurs LED au monde. IMEENS\u00ae t\u00e9l\u00e9viseurs LED grand format con\u00e7us pour les professionnels. TV grand format LED \u00e9cran g\u00e9ant prix et tarifs ecran geant int\u00e9rieur tv grand format tv grandes tailles shenzhen","robots":{"index":"index","follow":"follow","max-snippet":"max-snippet:-1","max-image-preview":"max-image-preview:large","max-video-preview":"max-video-preview:-1"},"canonical":"https:\/\/imeens.com\/en\/imeens-for-business\/","og_locale":"en_US","og_type":"article","og_title":"Imeens | Imeens\u00aeforBUSINESS","og_description":"D\u00e9couvrez les plus grands t\u00e9l\u00e9viseurs LED au monde. IMEENS\u00ae t\u00e9l\u00e9viseurs LED grand format con\u00e7us pour les professionnels. TV grand format LED \u00e9cran g\u00e9ant prix et tarifs ecran geant int\u00e9rieur tv grand format tv grandes tailles shenzhen","og_url":"https:\/\/imeens.com\/en\/imeens-for-business\/","og_site_name":"Imeens","article_modified_time":"2022-01-12T08:51:06+00:00","twitter_card":"summary_large_image","schema":{"@context":"https:\/\/schema.org","@graph":[{"@type":"WebPage","@id":"https:\/\/imeens.com\/en\/imeens-for-business\/","url":"https:\/\/imeens.com\/en\/imeens-for-business\/","name":"Imeens | Imeens\u00aeforBUSINESS","isPartOf":{"@id":"https:\/\/imeens.com\/#website"},"datePublished":"2021-03-23T14:59:04+00:00","dateModified":"2022-01-12T08:51:06+00:00","description":"D\u00e9couvrez les plus grands t\u00e9l\u00e9viseurs LED au monde. IMEENS\u00ae t\u00e9l\u00e9viseurs LED grand format con\u00e7us pour les professionnels. TV grand format LED \u00e9cran g\u00e9ant prix et tarifs ecran geant int\u00e9rieur tv grand format tv grandes tailles shenzhen","inLanguage":"en-US","potentialAction":[{"@type":"ReadAction","target":["https:\/\/imeens.com\/en\/imeens-for-business\/"]}]},{"@type":"WebSite","@id":"https:\/\/imeens.com\/#website","url":"https:\/\/imeens.com\/","name":"Imeens","description":"Mur LED, \u00e9cran g\u00e9ant LED et mur d&#039;\u00e9cran MicroLED 4K","publisher":{"@id":"https:\/\/imeens.com\/#organization"},"potentialAction":[{"@type":"SearchAction","target":{"@type":"EntryPoint","urlTemplate":"https:\/\/imeens.com\/?s={search_term_string}"},"query-input":"required name=search_term_string"}],"inLanguage":"en-US"},{"@type":"Organization","@id":"https:\/\/imeens.com\/#organization","name":"Imeens\u00ae - \u00c9cran g\u00e9ant","url":"https:\/\/imeens.com\/","logo":{"@type":"ImageObject","inLanguage":"en-US","@id":"https:\/\/imeens.com\/#\/schema\/logo\/image\/","url":"https:\/\/imeens.com\/wp-content\/uploads\/2022\/02\/Logo-imeens-noir.png","contentUrl":"https:\/\/imeens.com\/wp-content\/uploads\/2022\/02\/Logo-imeens-noir.png","width":2084,"height":467,"caption":"Imeens\u00ae - \u00c9cran g\u00e9ant"},"image":{"@id":"https:\/\/imeens.com\/#\/schema\/logo\/image\/"}}]}},"_links":{"self":[{"href":"https:\/\/imeens.com\/en\/wp-json\/wp\/v2\/pages\/2391"}],"collection":[{"href":"https:\/\/imeens.com\/en\/wp-json\/wp\/v2\/pages"}],"about":[{"href":"https:\/\/imeens.com\/en\/wp-json\/wp\/v2\/types\/page"}],"author":[{"embeddable":true,"href":"https:\/\/imeens.com\/en\/wp-json\/wp\/v2\/users\/1"}],"replies":[{"embeddable":true,"href":"https:\/\/imeens.com\/en\/wp-json\/wp\/v2\/comments?post=2391"}],"version-history":[{"count":27,"href":"https:\/\/imeens.com\/en\/wp-json\/wp\/v2\/pages\/2391\/revisions"}],"predecessor-version":[{"id":4141,"href":"https:\/\/imeens.com\/en\/wp-json\/wp\/v2\/pages\/2391\/revisions\/4141"}],"wp:featuredmedia":[{"embeddable":true,"href":"https:\/\/imeens.com\/en\/wp-json\/wp\/v2\/media\/5368"}],"wp:attachment":[{"href":"https:\/\/imeens.com\/en\/wp-json\/wp\/v2\/media?parent=2391"}],"curies":[{"name":"wp","href":"https:\/\/api.w.org\/{rel}","templated":true}]}}