{"id":2424,"date":"2021-05-17T14:24:51","date_gmt":"2021-05-17T12:24:51","guid":{"rendered":"https:\/\/imeens.com\/le-cast-by-imeens\/"},"modified":"2021-10-19T19:37:36","modified_gmt":"2021-10-19T17:37:36","slug":"wireless-display","status":"publish","type":"page","link":"https:\/\/imeens.com\/en\/wireless-display\/","title":{"rendered":"Wireless Display"},"content":{"rendered":"<p><strong>Modernisez vos r\u00e9unions.<\/strong> Projetez vos id\u00e9es et collaborez en temps r\u00e9el en branchant le <strong>Microsoft Wireless Display<\/strong> Adapter dans un projecteur de salle de conf\u00e9rence ou un moniteur. Vous pouvez m\u00eame faire des entr\u00e9es manuscrites dans PowerPoint pour mettre un point en \u00e9vidence et faire du grand \u00e9cran votre espace de travail collectif.<\/p>\n<p>Piste : Miracast int\u00e9gr\u00e9 permettant la recopie \u00e9cran en liaison directe (pas de connexion WI-FI requise). Le client trouve le Miracast dans les r\u00e9seaux WI-FI et son t\u00e9l\u00e9phone ou son PC est instantan\u00e9ment affich\u00e9 sur l\u2019\u00e9cran<\/p>\n","protected":false},"excerpt":{"rendered":"<p>Modernisez vos r\u00e9unions. Projetez vos id\u00e9es et collaborez en temps r\u00e9el en branchant le Microsoft Wireless Display Adapter dans un projecteur de salle de conf\u00e9rence ou un moniteur. Vous pouvez&#8230; <\/p>\n","protected":false},"author":3,"featured_media":0,"parent":0,"menu_order":0,"comment_status":"closed","ping_status":"closed","template":"templates\/template-flexible.php","meta":[],"acf":[],"yoast_head":"<!-- This site is optimized with the Yoast SEO plugin v19.13 - https:\/\/yoast.com\/wordpress\/plugins\/seo\/ -->\n<title>Wireless Display - Imeens<\/title>\n<meta name=\"robots\" content=\"index, follow, max-snippet:-1, max-image-preview:large, max-video-preview:-1\" \/>\n<link rel=\"canonical\" href=\"https:\/\/imeens.com\/en\/wireless-display\/\" \/>\n<meta property=\"og:locale\" content=\"en_US\" \/>\n<meta property=\"og:type\" content=\"article\" \/>\n<meta property=\"og:title\" content=\"Wireless Display - Imeens\" \/>\n<meta property=\"og:description\" content=\"Modernisez vos r\u00e9unions. Projetez vos id\u00e9es et collaborez en temps r\u00e9el en branchant le Microsoft Wireless Display Adapter dans un projecteur de salle de conf\u00e9rence ou un moniteur. Vous pouvez...\" \/>\n<meta property=\"og:url\" content=\"https:\/\/imeens.com\/en\/wireless-display\/\" \/>\n<meta property=\"og:site_name\" content=\"Imeens\" \/>\n<meta property=\"article:modified_time\" content=\"2021-10-19T17:37:36+00:00\" \/>\n<meta name=\"twitter:card\" content=\"summary_large_image\" \/>\n<meta name=\"twitter:label1\" content=\"Est. reading time\" \/>\n\t<meta name=\"twitter:data1\" content=\"1 minute\" \/>\n<script type=\"application\/ld+json\" class=\"yoast-schema-graph\">{\"@context\":\"https:\/\/schema.org\",\"@graph\":[{\"@type\":\"WebPage\",\"@id\":\"https:\/\/imeens.com\/en\/wireless-display\/\",\"url\":\"https:\/\/imeens.com\/en\/wireless-display\/\",\"name\":\"Wireless Display - Imeens\",\"isPartOf\":{\"@id\":\"https:\/\/imeens.com\/#website\"},\"datePublished\":\"2021-05-17T12:24:51+00:00\",\"dateModified\":\"2021-10-19T17:37:36+00:00\",\"inLanguage\":\"en-US\",\"potentialAction\":[{\"@type\":\"ReadAction\",\"target\":[\"https:\/\/imeens.com\/en\/wireless-display\/\"]}]},{\"@type\":\"WebSite\",\"@id\":\"https:\/\/imeens.com\/#website\",\"url\":\"https:\/\/imeens.com\/\",\"name\":\"Imeens\",\"description\":\"Mur LED, \u00e9cran g\u00e9ant LED et mur d&#039;\u00e9cran MicroLED 4K\",\"publisher\":{\"@id\":\"https:\/\/imeens.com\/#organization\"},\"potentialAction\":[{\"@type\":\"SearchAction\",\"target\":{\"@type\":\"EntryPoint\",\"urlTemplate\":\"https:\/\/imeens.com\/?s={search_term_string}\"},\"query-input\":\"required name=search_term_string\"}],\"inLanguage\":\"en-US\"},{\"@type\":\"Organization\",\"@id\":\"https:\/\/imeens.com\/#organization\",\"name\":\"Imeens\u00ae - \u00c9cran g\u00e9ant\",\"url\":\"https:\/\/imeens.com\/\",\"logo\":{\"@type\":\"ImageObject\",\"inLanguage\":\"en-US\",\"@id\":\"https:\/\/imeens.com\/#\/schema\/logo\/image\/\",\"url\":\"https:\/\/imeens.com\/wp-content\/uploads\/2022\/02\/Logo-imeens-noir.png\",\"contentUrl\":\"https:\/\/imeens.com\/wp-content\/uploads\/2022\/02\/Logo-imeens-noir.png\",\"width\":2084,\"height\":467,\"caption\":\"Imeens\u00ae - \u00c9cran g\u00e9ant\"},\"image\":{\"@id\":\"https:\/\/imeens.com\/#\/schema\/logo\/image\/\"}}]}<\/script>\n<!-- \/ Yoast SEO plugin. -->","yoast_head_json":{"title":"Wireless Display - Imeens","robots":{"index":"index","follow":"follow","max-snippet":"max-snippet:-1","max-image-preview":"max-image-preview:large","max-video-preview":"max-video-preview:-1"},"canonical":"https:\/\/imeens.com\/en\/wireless-display\/","og_locale":"en_US","og_type":"article","og_title":"Wireless Display - Imeens","og_description":"Modernisez vos r\u00e9unions. Projetez vos id\u00e9es et collaborez en temps r\u00e9el en branchant le Microsoft Wireless Display Adapter dans un projecteur de salle de conf\u00e9rence ou un moniteur. Vous pouvez...","og_url":"https:\/\/imeens.com\/en\/wireless-display\/","og_site_name":"Imeens","article_modified_time":"2021-10-19T17:37:36+00:00","twitter_card":"summary_large_image","twitter_misc":{"Est. reading time":"1 minute"},"schema":{"@context":"https:\/\/schema.org","@graph":[{"@type":"WebPage","@id":"https:\/\/imeens.com\/en\/wireless-display\/","url":"https:\/\/imeens.com\/en\/wireless-display\/","name":"Wireless Display - Imeens","isPartOf":{"@id":"https:\/\/imeens.com\/#website"},"datePublished":"2021-05-17T12:24:51+00:00","dateModified":"2021-10-19T17:37:36+00:00","inLanguage":"en-US","potentialAction":[{"@type":"ReadAction","target":["https:\/\/imeens.com\/en\/wireless-display\/"]}]},{"@type":"WebSite","@id":"https:\/\/imeens.com\/#website","url":"https:\/\/imeens.com\/","name":"Imeens","description":"Mur LED, \u00e9cran g\u00e9ant LED et mur d&#039;\u00e9cran MicroLED 4K","publisher":{"@id":"https:\/\/imeens.com\/#organization"},"potentialAction":[{"@type":"SearchAction","target":{"@type":"EntryPoint","urlTemplate":"https:\/\/imeens.com\/?s={search_term_string}"},"query-input":"required name=search_term_string"}],"inLanguage":"en-US"},{"@type":"Organization","@id":"https:\/\/imeens.com\/#organization","name":"Imeens\u00ae - \u00c9cran g\u00e9ant","url":"https:\/\/imeens.com\/","logo":{"@type":"ImageObject","inLanguage":"en-US","@id":"https:\/\/imeens.com\/#\/schema\/logo\/image\/","url":"https:\/\/imeens.com\/wp-content\/uploads\/2022\/02\/Logo-imeens-noir.png","contentUrl":"https:\/\/imeens.com\/wp-content\/uploads\/2022\/02\/Logo-imeens-noir.png","width":2084,"height":467,"caption":"Imeens\u00ae - \u00c9cran g\u00e9ant"},"image":{"@id":"https:\/\/imeens.com\/#\/schema\/logo\/image\/"}}]}},"_links":{"self":[{"href":"https:\/\/imeens.com\/en\/wp-json\/wp\/v2\/pages\/2424"}],"collection":[{"href":"https:\/\/imeens.com\/en\/wp-json\/wp\/v2\/pages"}],"about":[{"href":"https:\/\/imeens.com\/en\/wp-json\/wp\/v2\/types\/page"}],"author":[{"embeddable":true,"href":"https:\/\/imeens.com\/en\/wp-json\/wp\/v2\/users\/3"}],"replies":[{"embeddable":true,"href":"https:\/\/imeens.com\/en\/wp-json\/wp\/v2\/comments?post=2424"}],"version-history":[{"count":3,"href":"https:\/\/imeens.com\/en\/wp-json\/wp\/v2\/pages\/2424\/revisions"}],"predecessor-version":[{"id":2595,"href":"https:\/\/imeens.com\/en\/wp-json\/wp\/v2\/pages\/2424\/revisions\/2595"}],"wp:attachment":[{"href":"https:\/\/imeens.com\/en\/wp-json\/wp\/v2\/media?parent=2424"}],"curies":[{"name":"wp","href":"https:\/\/api.w.org\/{rel}","templated":true}]}}