{"id":3937,"date":"2021-10-19T15:58:41","date_gmt":"2021-10-19T13:58:41","guid":{"rendered":"https:\/\/imeens.com\/reunion-professionnelle\/"},"modified":"2022-01-06T16:43:12","modified_gmt":"2022-01-06T15:43:12","slug":"meeting","status":"publish","type":"page","link":"https:\/\/imeens.com\/en\/meeting\/","title":{"rendered":"Meeting"},"content":{"rendered":"","protected":false},"excerpt":{"rendered":"","protected":false},"author":3,"featured_media":6071,"parent":0,"menu_order":0,"comment_status":"closed","ping_status":"closed","template":"templates\/template-flexible.php","meta":{"footnotes":""},"class_list":["post-3937","page","type-page","status-publish","has-post-thumbnail","hentry"],"acf":[],"yoast_head":"<!-- This site is optimized with the Yoast SEO plugin v27.4 - https:\/\/yoast.com\/product\/yoast-seo-wordpress\/ -->\n<title>\u00c9cran salle de r\u00e9union : t\u00e9l\u00e9viseur g\u00e9ant salle de r\u00e9union - Imeens<\/title>\n<meta name=\"description\" content=\"Imeens\u00ae vous propose d\u2019\u00e9quiper vos salles de r\u00e9union d\u2019\u00e9crans g\u00e9ants nouvelle g\u00e9n\u00e9ration pour collaborer lors de vos pr\u00e9sentations professionnelles.\" \/>\n<meta name=\"robots\" content=\"index, follow, max-snippet:-1, max-image-preview:large, max-video-preview:-1\" \/>\n<link rel=\"canonical\" href=\"https:\/\/imeens.com\/en\/meeting\/\" \/>\n<meta property=\"og:locale\" content=\"en_US\" \/>\n<meta property=\"og:type\" content=\"article\" \/>\n<meta property=\"og:title\" content=\"\u00c9cran salle de r\u00e9union : t\u00e9l\u00e9viseur g\u00e9ant salle de r\u00e9union - Imeens\" \/>\n<meta property=\"og:description\" content=\"Imeens\u00ae vous propose d\u2019\u00e9quiper vos salles de r\u00e9union d\u2019\u00e9crans g\u00e9ants nouvelle g\u00e9n\u00e9ration pour collaborer lors de vos pr\u00e9sentations professionnelles.\" \/>\n<meta property=\"og:url\" content=\"https:\/\/imeens.com\/en\/meeting\/\" \/>\n<meta property=\"og:site_name\" content=\"Imeens\" \/>\n<meta property=\"article:modified_time\" content=\"2022-01-06T15:43:12+00:00\" \/>\n<meta name=\"twitter:card\" content=\"summary_large_image\" \/>\n<script type=\"application\/ld+json\" class=\"yoast-schema-graph\">{\"@context\":\"https:\\\/\\\/schema.org\",\"@graph\":[{\"@type\":\"WebPage\",\"@id\":\"https:\\\/\\\/imeens.com\\\/en\\\/meeting\\\/\",\"url\":\"https:\\\/\\\/imeens.com\\\/en\\\/meeting\\\/\",\"name\":\"\u00c9cran salle de r\u00e9union : t\u00e9l\u00e9viseur g\u00e9ant salle de r\u00e9union - Imeens\",\"isPartOf\":{\"@id\":\"https:\\\/\\\/imeens.com\\\/#website\"},\"primaryImageOfPage\":{\"@id\":\"https:\\\/\\\/imeens.com\\\/en\\\/meeting\\\/#primaryimage\"},\"image\":{\"@id\":\"https:\\\/\\\/imeens.com\\\/en\\\/meeting\\\/#primaryimage\"},\"thumbnailUrl\":\"https:\\\/\\\/imeens.com\\\/wp-content\\\/uploads\\\/2022\\\/12\\\/Ecran-geant-salle-de-reunion-PIP-Copie-1.png\",\"datePublished\":\"2021-10-19T13:58:41+00:00\",\"dateModified\":\"2022-01-06T15:43:12+00:00\",\"description\":\"Imeens\u00ae vous propose d\u2019\u00e9quiper vos salles de r\u00e9union d\u2019\u00e9crans g\u00e9ants nouvelle g\u00e9n\u00e9ration pour collaborer lors de vos pr\u00e9sentations professionnelles.\",\"inLanguage\":\"en-US\",\"potentialAction\":[{\"@type\":\"ReadAction\",\"target\":[\"https:\\\/\\\/imeens.com\\\/en\\\/meeting\\\/\"]}]},{\"@type\":\"ImageObject\",\"inLanguage\":\"en-US\",\"@id\":\"https:\\\/\\\/imeens.com\\\/en\\\/meeting\\\/#primaryimage\",\"url\":\"https:\\\/\\\/imeens.com\\\/wp-content\\\/uploads\\\/2022\\\/12\\\/Ecran-geant-salle-de-reunion-PIP-Copie-1.png\",\"contentUrl\":\"https:\\\/\\\/imeens.com\\\/wp-content\\\/uploads\\\/2022\\\/12\\\/Ecran-geant-salle-de-reunion-PIP-Copie-1.png\",\"width\":4000,\"height\":1884,\"caption\":\"ecran geant mur led salle de reunion salle de conference\"},{\"@type\":\"WebSite\",\"@id\":\"https:\\\/\\\/imeens.com\\\/#website\",\"url\":\"https:\\\/\\\/imeens.com\\\/\",\"name\":\"Imeens\",\"description\":\"Mur LED, \u00e9cran g\u00e9ant LED et mur d&#039;\u00e9cran MicroLED 4K\",\"publisher\":{\"@id\":\"https:\\\/\\\/imeens.com\\\/#organization\"},\"potentialAction\":[{\"@type\":\"SearchAction\",\"target\":{\"@type\":\"EntryPoint\",\"urlTemplate\":\"https:\\\/\\\/imeens.com\\\/?s={search_term_string}\"},\"query-input\":{\"@type\":\"PropertyValueSpecification\",\"valueRequired\":true,\"valueName\":\"search_term_string\"}}],\"inLanguage\":\"en-US\"},{\"@type\":\"Organization\",\"@id\":\"https:\\\/\\\/imeens.com\\\/#organization\",\"name\":\"Imeens\u00ae - \u00c9cran g\u00e9ant\",\"url\":\"https:\\\/\\\/imeens.com\\\/\",\"logo\":{\"@type\":\"ImageObject\",\"inLanguage\":\"en-US\",\"@id\":\"https:\\\/\\\/imeens.com\\\/#\\\/schema\\\/logo\\\/image\\\/\",\"url\":\"https:\\\/\\\/imeens.com\\\/wp-content\\\/uploads\\\/2022\\\/02\\\/Logo-imeens-noir.png\",\"contentUrl\":\"https:\\\/\\\/imeens.com\\\/wp-content\\\/uploads\\\/2022\\\/02\\\/Logo-imeens-noir.png\",\"width\":2084,\"height\":467,\"caption\":\"Imeens\u00ae - \u00c9cran g\u00e9ant\"},\"image\":{\"@id\":\"https:\\\/\\\/imeens.com\\\/#\\\/schema\\\/logo\\\/image\\\/\"}}]}<\/script>\n<!-- \/ Yoast SEO plugin. -->","yoast_head_json":{"title":"\u00c9cran salle de r\u00e9union : t\u00e9l\u00e9viseur g\u00e9ant salle de r\u00e9union - Imeens","description":"Imeens\u00ae vous propose d\u2019\u00e9quiper vos salles de r\u00e9union d\u2019\u00e9crans g\u00e9ants nouvelle g\u00e9n\u00e9ration pour collaborer lors de vos pr\u00e9sentations professionnelles.","robots":{"index":"index","follow":"follow","max-snippet":"max-snippet:-1","max-image-preview":"max-image-preview:large","max-video-preview":"max-video-preview:-1"},"canonical":"https:\/\/imeens.com\/en\/meeting\/","og_locale":"en_US","og_type":"article","og_title":"\u00c9cran salle de r\u00e9union : t\u00e9l\u00e9viseur g\u00e9ant salle de r\u00e9union - Imeens","og_description":"Imeens\u00ae vous propose d\u2019\u00e9quiper vos salles de r\u00e9union d\u2019\u00e9crans g\u00e9ants nouvelle g\u00e9n\u00e9ration pour collaborer lors de vos pr\u00e9sentations professionnelles.","og_url":"https:\/\/imeens.com\/en\/meeting\/","og_site_name":"Imeens","article_modified_time":"2022-01-06T15:43:12+00:00","twitter_card":"summary_large_image","schema":{"@context":"https:\/\/schema.org","@graph":[{"@type":"WebPage","@id":"https:\/\/imeens.com\/en\/meeting\/","url":"https:\/\/imeens.com\/en\/meeting\/","name":"\u00c9cran salle de r\u00e9union : t\u00e9l\u00e9viseur g\u00e9ant salle de r\u00e9union - Imeens","isPartOf":{"@id":"https:\/\/imeens.com\/#website"},"primaryImageOfPage":{"@id":"https:\/\/imeens.com\/en\/meeting\/#primaryimage"},"image":{"@id":"https:\/\/imeens.com\/en\/meeting\/#primaryimage"},"thumbnailUrl":"https:\/\/imeens.com\/wp-content\/uploads\/2022\/12\/Ecran-geant-salle-de-reunion-PIP-Copie-1.png","datePublished":"2021-10-19T13:58:41+00:00","dateModified":"2022-01-06T15:43:12+00:00","description":"Imeens\u00ae vous propose d\u2019\u00e9quiper vos salles de r\u00e9union d\u2019\u00e9crans g\u00e9ants nouvelle g\u00e9n\u00e9ration pour collaborer lors de vos pr\u00e9sentations professionnelles.","inLanguage":"en-US","potentialAction":[{"@type":"ReadAction","target":["https:\/\/imeens.com\/en\/meeting\/"]}]},{"@type":"ImageObject","inLanguage":"en-US","@id":"https:\/\/imeens.com\/en\/meeting\/#primaryimage","url":"https:\/\/imeens.com\/wp-content\/uploads\/2022\/12\/Ecran-geant-salle-de-reunion-PIP-Copie-1.png","contentUrl":"https:\/\/imeens.com\/wp-content\/uploads\/2022\/12\/Ecran-geant-salle-de-reunion-PIP-Copie-1.png","width":4000,"height":1884,"caption":"ecran geant mur led salle de reunion salle de conference"},{"@type":"WebSite","@id":"https:\/\/imeens.com\/#website","url":"https:\/\/imeens.com\/","name":"Imeens","description":"Mur LED, \u00e9cran g\u00e9ant LED et mur d&#039;\u00e9cran MicroLED 4K","publisher":{"@id":"https:\/\/imeens.com\/#organization"},"potentialAction":[{"@type":"SearchAction","target":{"@type":"EntryPoint","urlTemplate":"https:\/\/imeens.com\/?s={search_term_string}"},"query-input":{"@type":"PropertyValueSpecification","valueRequired":true,"valueName":"search_term_string"}}],"inLanguage":"en-US"},{"@type":"Organization","@id":"https:\/\/imeens.com\/#organization","name":"Imeens\u00ae - \u00c9cran g\u00e9ant","url":"https:\/\/imeens.com\/","logo":{"@type":"ImageObject","inLanguage":"en-US","@id":"https:\/\/imeens.com\/#\/schema\/logo\/image\/","url":"https:\/\/imeens.com\/wp-content\/uploads\/2022\/02\/Logo-imeens-noir.png","contentUrl":"https:\/\/imeens.com\/wp-content\/uploads\/2022\/02\/Logo-imeens-noir.png","width":2084,"height":467,"caption":"Imeens\u00ae - \u00c9cran g\u00e9ant"},"image":{"@id":"https:\/\/imeens.com\/#\/schema\/logo\/image\/"}}]}},"_links":{"self":[{"href":"https:\/\/imeens.com\/en\/wp-json\/wp\/v2\/pages\/3937","targetHints":{"allow":["GET"]}}],"collection":[{"href":"https:\/\/imeens.com\/en\/wp-json\/wp\/v2\/pages"}],"about":[{"href":"https:\/\/imeens.com\/en\/wp-json\/wp\/v2\/types\/page"}],"author":[{"embeddable":true,"href":"https:\/\/imeens.com\/en\/wp-json\/wp\/v2\/users\/3"}],"replies":[{"embeddable":true,"href":"https:\/\/imeens.com\/en\/wp-json\/wp\/v2\/comments?post=3937"}],"version-history":[{"count":2,"href":"https:\/\/imeens.com\/en\/wp-json\/wp\/v2\/pages\/3937\/revisions"}],"predecessor-version":[{"id":3939,"href":"https:\/\/imeens.com\/en\/wp-json\/wp\/v2\/pages\/3937\/revisions\/3939"}],"wp:featuredmedia":[{"embeddable":true,"href":"https:\/\/imeens.com\/en\/wp-json\/wp\/v2\/media\/6071"}],"wp:attachment":[{"href":"https:\/\/imeens.com\/en\/wp-json\/wp\/v2\/media?parent=3937"}],"curies":[{"name":"wp","href":"https:\/\/api.w.org\/{rel}","templated":true}]}}