{"id":3941,"date":"2021-10-20T16:43:37","date_gmt":"2021-10-20T14:43:37","guid":{"rendered":"https:\/\/imeens.com\/promotion-commerciale\/"},"modified":"2022-01-10T17:05:41","modified_gmt":"2022-01-10T16:05:41","slug":"commercial-promotion","status":"publish","type":"page","link":"https:\/\/imeens.com\/en\/commercial-promotion\/","title":{"rendered":"Promotion"},"content":{"rendered":"","protected":false},"excerpt":{"rendered":"","protected":false},"author":3,"featured_media":0,"parent":0,"menu_order":0,"comment_status":"closed","ping_status":"closed","template":"templates\/template-flexible.php","meta":{"footnotes":""},"class_list":["post-3941","page","type-page","status-publish","hentry"],"acf":[],"yoast_head":"<!-- This site is optimized with the Yoast SEO plugin v27.4 - https:\/\/yoast.com\/product\/yoast-seo-wordpress\/ -->\n<title>\u00c9cran g\u00e9ant LED publicitaire : \u00e9cran publicitaire g\u00e9ant LED - Imeens<\/title>\n<meta name=\"description\" content=\"Imeens\u00ae habille vos lieux de vente d\u2019un \u00e9cran g\u00e9ant LED tout \u00e9quip\u00e9 pour la diffusion de vos offres commerciales et publicit\u00e9s.\" \/>\n<meta name=\"robots\" content=\"index, follow, max-snippet:-1, max-image-preview:large, max-video-preview:-1\" \/>\n<link rel=\"canonical\" href=\"https:\/\/imeens.com\/en\/commercial-promotion\/\" \/>\n<meta property=\"og:locale\" content=\"en_US\" \/>\n<meta property=\"og:type\" content=\"article\" \/>\n<meta property=\"og:title\" content=\"\u00c9cran g\u00e9ant LED publicitaire : \u00e9cran publicitaire g\u00e9ant LED - Imeens\" \/>\n<meta property=\"og:description\" content=\"Imeens\u00ae habille vos lieux de vente d\u2019un \u00e9cran g\u00e9ant LED tout \u00e9quip\u00e9 pour la diffusion de vos offres commerciales et publicit\u00e9s.\" \/>\n<meta property=\"og:url\" content=\"https:\/\/imeens.com\/en\/commercial-promotion\/\" \/>\n<meta property=\"og:site_name\" content=\"Imeens\" \/>\n<meta property=\"article:modified_time\" content=\"2022-01-10T16:05:41+00:00\" \/>\n<meta name=\"twitter:card\" content=\"summary_large_image\" \/>\n<script type=\"application\/ld+json\" class=\"yoast-schema-graph\">{\"@context\":\"https:\\\/\\\/schema.org\",\"@graph\":[{\"@type\":\"WebPage\",\"@id\":\"https:\\\/\\\/imeens.com\\\/en\\\/commercial-promotion\\\/\",\"url\":\"https:\\\/\\\/imeens.com\\\/en\\\/commercial-promotion\\\/\",\"name\":\"\u00c9cran g\u00e9ant LED publicitaire : \u00e9cran publicitaire g\u00e9ant LED - Imeens\",\"isPartOf\":{\"@id\":\"https:\\\/\\\/imeens.com\\\/#website\"},\"datePublished\":\"2021-10-20T14:43:37+00:00\",\"dateModified\":\"2022-01-10T16:05:41+00:00\",\"description\":\"Imeens\u00ae habille vos lieux de vente d\u2019un \u00e9cran g\u00e9ant LED tout \u00e9quip\u00e9 pour la diffusion de vos offres commerciales et publicit\u00e9s.\",\"inLanguage\":\"en-US\",\"potentialAction\":[{\"@type\":\"ReadAction\",\"target\":[\"https:\\\/\\\/imeens.com\\\/en\\\/commercial-promotion\\\/\"]}]},{\"@type\":\"WebSite\",\"@id\":\"https:\\\/\\\/imeens.com\\\/#website\",\"url\":\"https:\\\/\\\/imeens.com\\\/\",\"name\":\"Imeens\",\"description\":\"Mur LED, \u00e9cran g\u00e9ant LED et mur d&#039;\u00e9cran MicroLED 4K\",\"publisher\":{\"@id\":\"https:\\\/\\\/imeens.com\\\/#organization\"},\"potentialAction\":[{\"@type\":\"SearchAction\",\"target\":{\"@type\":\"EntryPoint\",\"urlTemplate\":\"https:\\\/\\\/imeens.com\\\/?s={search_term_string}\"},\"query-input\":{\"@type\":\"PropertyValueSpecification\",\"valueRequired\":true,\"valueName\":\"search_term_string\"}}],\"inLanguage\":\"en-US\"},{\"@type\":\"Organization\",\"@id\":\"https:\\\/\\\/imeens.com\\\/#organization\",\"name\":\"Imeens\u00ae - \u00c9cran g\u00e9ant\",\"url\":\"https:\\\/\\\/imeens.com\\\/\",\"logo\":{\"@type\":\"ImageObject\",\"inLanguage\":\"en-US\",\"@id\":\"https:\\\/\\\/imeens.com\\\/#\\\/schema\\\/logo\\\/image\\\/\",\"url\":\"https:\\\/\\\/imeens.com\\\/wp-content\\\/uploads\\\/2022\\\/02\\\/Logo-imeens-noir.png\",\"contentUrl\":\"https:\\\/\\\/imeens.com\\\/wp-content\\\/uploads\\\/2022\\\/02\\\/Logo-imeens-noir.png\",\"width\":2084,\"height\":467,\"caption\":\"Imeens\u00ae - \u00c9cran g\u00e9ant\"},\"image\":{\"@id\":\"https:\\\/\\\/imeens.com\\\/#\\\/schema\\\/logo\\\/image\\\/\"}}]}<\/script>\n<!-- \/ Yoast SEO plugin. -->","yoast_head_json":{"title":"\u00c9cran g\u00e9ant LED publicitaire : \u00e9cran publicitaire g\u00e9ant LED - Imeens","description":"Imeens\u00ae habille vos lieux de vente d\u2019un \u00e9cran g\u00e9ant LED tout \u00e9quip\u00e9 pour la diffusion de vos offres commerciales et publicit\u00e9s.","robots":{"index":"index","follow":"follow","max-snippet":"max-snippet:-1","max-image-preview":"max-image-preview:large","max-video-preview":"max-video-preview:-1"},"canonical":"https:\/\/imeens.com\/en\/commercial-promotion\/","og_locale":"en_US","og_type":"article","og_title":"\u00c9cran g\u00e9ant LED publicitaire : \u00e9cran publicitaire g\u00e9ant LED - Imeens","og_description":"Imeens\u00ae habille vos lieux de vente d\u2019un \u00e9cran g\u00e9ant LED tout \u00e9quip\u00e9 pour la diffusion de vos offres commerciales et publicit\u00e9s.","og_url":"https:\/\/imeens.com\/en\/commercial-promotion\/","og_site_name":"Imeens","article_modified_time":"2022-01-10T16:05:41+00:00","twitter_card":"summary_large_image","schema":{"@context":"https:\/\/schema.org","@graph":[{"@type":"WebPage","@id":"https:\/\/imeens.com\/en\/commercial-promotion\/","url":"https:\/\/imeens.com\/en\/commercial-promotion\/","name":"\u00c9cran g\u00e9ant LED publicitaire : \u00e9cran publicitaire g\u00e9ant LED - Imeens","isPartOf":{"@id":"https:\/\/imeens.com\/#website"},"datePublished":"2021-10-20T14:43:37+00:00","dateModified":"2022-01-10T16:05:41+00:00","description":"Imeens\u00ae habille vos lieux de vente d\u2019un \u00e9cran g\u00e9ant LED tout \u00e9quip\u00e9 pour la diffusion de vos offres commerciales et publicit\u00e9s.","inLanguage":"en-US","potentialAction":[{"@type":"ReadAction","target":["https:\/\/imeens.com\/en\/commercial-promotion\/"]}]},{"@type":"WebSite","@id":"https:\/\/imeens.com\/#website","url":"https:\/\/imeens.com\/","name":"Imeens","description":"Mur LED, \u00e9cran g\u00e9ant LED et mur d&#039;\u00e9cran MicroLED 4K","publisher":{"@id":"https:\/\/imeens.com\/#organization"},"potentialAction":[{"@type":"SearchAction","target":{"@type":"EntryPoint","urlTemplate":"https:\/\/imeens.com\/?s={search_term_string}"},"query-input":{"@type":"PropertyValueSpecification","valueRequired":true,"valueName":"search_term_string"}}],"inLanguage":"en-US"},{"@type":"Organization","@id":"https:\/\/imeens.com\/#organization","name":"Imeens\u00ae - \u00c9cran g\u00e9ant","url":"https:\/\/imeens.com\/","logo":{"@type":"ImageObject","inLanguage":"en-US","@id":"https:\/\/imeens.com\/#\/schema\/logo\/image\/","url":"https:\/\/imeens.com\/wp-content\/uploads\/2022\/02\/Logo-imeens-noir.png","contentUrl":"https:\/\/imeens.com\/wp-content\/uploads\/2022\/02\/Logo-imeens-noir.png","width":2084,"height":467,"caption":"Imeens\u00ae - \u00c9cran g\u00e9ant"},"image":{"@id":"https:\/\/imeens.com\/#\/schema\/logo\/image\/"}}]}},"_links":{"self":[{"href":"https:\/\/imeens.com\/en\/wp-json\/wp\/v2\/pages\/3941","targetHints":{"allow":["GET"]}}],"collection":[{"href":"https:\/\/imeens.com\/en\/wp-json\/wp\/v2\/pages"}],"about":[{"href":"https:\/\/imeens.com\/en\/wp-json\/wp\/v2\/types\/page"}],"author":[{"embeddable":true,"href":"https:\/\/imeens.com\/en\/wp-json\/wp\/v2\/users\/3"}],"replies":[{"embeddable":true,"href":"https:\/\/imeens.com\/en\/wp-json\/wp\/v2\/comments?post=3941"}],"version-history":[{"count":2,"href":"https:\/\/imeens.com\/en\/wp-json\/wp\/v2\/pages\/3941\/revisions"}],"predecessor-version":[{"id":4048,"href":"https:\/\/imeens.com\/en\/wp-json\/wp\/v2\/pages\/3941\/revisions\/4048"}],"wp:attachment":[{"href":"https:\/\/imeens.com\/en\/wp-json\/wp\/v2\/media?parent=3941"}],"curies":[{"name":"wp","href":"https:\/\/api.w.org\/{rel}","templated":true}]}}