{"id":3947,"date":"2021-10-20T11:38:19","date_gmt":"2021-10-20T09:38:19","guid":{"rendered":"https:\/\/imeens.com\/exposition-visuelle\/"},"modified":"2022-01-06T17:42:38","modified_gmt":"2022-01-06T16:42:38","slug":"exhibition","status":"publish","type":"page","link":"https:\/\/imeens.com\/en\/exhibition\/","title":{"rendered":"Exhibition"},"content":{"rendered":"","protected":false},"excerpt":{"rendered":"","protected":false},"author":3,"featured_media":0,"parent":0,"menu_order":0,"comment_status":"closed","ping_status":"closed","template":"templates\/template-flexible.php","meta":[],"acf":[],"yoast_head":"<!-- This site is optimized with the Yoast SEO plugin v19.13 - https:\/\/yoast.com\/wordpress\/plugins\/seo\/ -->\n<title>T\u00e9l\u00e9viseur grand format mus\u00e9e : \u00e9cran g\u00e9ant exposition de mus\u00e9e - Imeens<\/title>\n<meta name=\"description\" content=\"Imeens\u00ae sublime vos plus beaux visuels gr\u00e2ce \u00e0 un \u00e9cran g\u00e9ant nouvelle g\u00e9n\u00e9ration qui s\u2019int\u00e9grera parfaitement \u00e0 votre galerie d\u2019art ou lieu d\u2019exposition.\" \/>\n<meta name=\"robots\" content=\"index, follow, max-snippet:-1, max-image-preview:large, max-video-preview:-1\" \/>\n<link rel=\"canonical\" href=\"https:\/\/imeens.com\/en\/exhibition\/\" \/>\n<meta property=\"og:locale\" content=\"en_US\" \/>\n<meta property=\"og:type\" content=\"article\" \/>\n<meta property=\"og:title\" content=\"T\u00e9l\u00e9viseur grand format mus\u00e9e : \u00e9cran g\u00e9ant exposition de mus\u00e9e - Imeens\" \/>\n<meta property=\"og:description\" content=\"Imeens\u00ae sublime vos plus beaux visuels gr\u00e2ce \u00e0 un \u00e9cran g\u00e9ant nouvelle g\u00e9n\u00e9ration qui s\u2019int\u00e9grera parfaitement \u00e0 votre galerie d\u2019art ou lieu d\u2019exposition.\" \/>\n<meta property=\"og:url\" content=\"https:\/\/imeens.com\/en\/exhibition\/\" \/>\n<meta property=\"og:site_name\" content=\"Imeens\" \/>\n<meta property=\"article:modified_time\" content=\"2022-01-06T16:42:38+00:00\" \/>\n<meta name=\"twitter:card\" content=\"summary_large_image\" \/>\n<script type=\"application\/ld+json\" class=\"yoast-schema-graph\">{\"@context\":\"https:\/\/schema.org\",\"@graph\":[{\"@type\":\"WebPage\",\"@id\":\"https:\/\/imeens.com\/en\/exhibition\/\",\"url\":\"https:\/\/imeens.com\/en\/exhibition\/\",\"name\":\"T\u00e9l\u00e9viseur grand format mus\u00e9e : \u00e9cran g\u00e9ant exposition de mus\u00e9e - Imeens\",\"isPartOf\":{\"@id\":\"https:\/\/imeens.com\/#website\"},\"datePublished\":\"2021-10-20T09:38:19+00:00\",\"dateModified\":\"2022-01-06T16:42:38+00:00\",\"description\":\"Imeens\u00ae sublime vos plus beaux visuels gr\u00e2ce \u00e0 un \u00e9cran g\u00e9ant nouvelle g\u00e9n\u00e9ration qui s\u2019int\u00e9grera parfaitement \u00e0 votre galerie d\u2019art ou lieu d\u2019exposition.\",\"inLanguage\":\"en-US\",\"potentialAction\":[{\"@type\":\"ReadAction\",\"target\":[\"https:\/\/imeens.com\/en\/exhibition\/\"]}]},{\"@type\":\"WebSite\",\"@id\":\"https:\/\/imeens.com\/#website\",\"url\":\"https:\/\/imeens.com\/\",\"name\":\"Imeens\",\"description\":\"Mur LED, \u00e9cran g\u00e9ant LED et mur d&#039;\u00e9cran MicroLED 4K\",\"publisher\":{\"@id\":\"https:\/\/imeens.com\/#organization\"},\"potentialAction\":[{\"@type\":\"SearchAction\",\"target\":{\"@type\":\"EntryPoint\",\"urlTemplate\":\"https:\/\/imeens.com\/?s={search_term_string}\"},\"query-input\":\"required name=search_term_string\"}],\"inLanguage\":\"en-US\"},{\"@type\":\"Organization\",\"@id\":\"https:\/\/imeens.com\/#organization\",\"name\":\"Imeens\u00ae - \u00c9cran g\u00e9ant\",\"url\":\"https:\/\/imeens.com\/\",\"logo\":{\"@type\":\"ImageObject\",\"inLanguage\":\"en-US\",\"@id\":\"https:\/\/imeens.com\/#\/schema\/logo\/image\/\",\"url\":\"https:\/\/imeens.com\/wp-content\/uploads\/2022\/02\/Logo-imeens-noir.png\",\"contentUrl\":\"https:\/\/imeens.com\/wp-content\/uploads\/2022\/02\/Logo-imeens-noir.png\",\"width\":2084,\"height\":467,\"caption\":\"Imeens\u00ae - \u00c9cran g\u00e9ant\"},\"image\":{\"@id\":\"https:\/\/imeens.com\/#\/schema\/logo\/image\/\"}}]}<\/script>\n<!-- \/ Yoast SEO plugin. -->","yoast_head_json":{"title":"T\u00e9l\u00e9viseur grand format mus\u00e9e : \u00e9cran g\u00e9ant exposition de mus\u00e9e - Imeens","description":"Imeens\u00ae sublime vos plus beaux visuels gr\u00e2ce \u00e0 un \u00e9cran g\u00e9ant nouvelle g\u00e9n\u00e9ration qui s\u2019int\u00e9grera parfaitement \u00e0 votre galerie d\u2019art ou lieu d\u2019exposition.","robots":{"index":"index","follow":"follow","max-snippet":"max-snippet:-1","max-image-preview":"max-image-preview:large","max-video-preview":"max-video-preview:-1"},"canonical":"https:\/\/imeens.com\/en\/exhibition\/","og_locale":"en_US","og_type":"article","og_title":"T\u00e9l\u00e9viseur grand format mus\u00e9e : \u00e9cran g\u00e9ant exposition de mus\u00e9e - Imeens","og_description":"Imeens\u00ae sublime vos plus beaux visuels gr\u00e2ce \u00e0 un \u00e9cran g\u00e9ant nouvelle g\u00e9n\u00e9ration qui s\u2019int\u00e9grera parfaitement \u00e0 votre galerie d\u2019art ou lieu d\u2019exposition.","og_url":"https:\/\/imeens.com\/en\/exhibition\/","og_site_name":"Imeens","article_modified_time":"2022-01-06T16:42:38+00:00","twitter_card":"summary_large_image","schema":{"@context":"https:\/\/schema.org","@graph":[{"@type":"WebPage","@id":"https:\/\/imeens.com\/en\/exhibition\/","url":"https:\/\/imeens.com\/en\/exhibition\/","name":"T\u00e9l\u00e9viseur grand format mus\u00e9e : \u00e9cran g\u00e9ant exposition de mus\u00e9e - Imeens","isPartOf":{"@id":"https:\/\/imeens.com\/#website"},"datePublished":"2021-10-20T09:38:19+00:00","dateModified":"2022-01-06T16:42:38+00:00","description":"Imeens\u00ae sublime vos plus beaux visuels gr\u00e2ce \u00e0 un \u00e9cran g\u00e9ant nouvelle g\u00e9n\u00e9ration qui s\u2019int\u00e9grera parfaitement \u00e0 votre galerie d\u2019art ou lieu d\u2019exposition.","inLanguage":"en-US","potentialAction":[{"@type":"ReadAction","target":["https:\/\/imeens.com\/en\/exhibition\/"]}]},{"@type":"WebSite","@id":"https:\/\/imeens.com\/#website","url":"https:\/\/imeens.com\/","name":"Imeens","description":"Mur LED, \u00e9cran g\u00e9ant LED et mur d&#039;\u00e9cran MicroLED 4K","publisher":{"@id":"https:\/\/imeens.com\/#organization"},"potentialAction":[{"@type":"SearchAction","target":{"@type":"EntryPoint","urlTemplate":"https:\/\/imeens.com\/?s={search_term_string}"},"query-input":"required name=search_term_string"}],"inLanguage":"en-US"},{"@type":"Organization","@id":"https:\/\/imeens.com\/#organization","name":"Imeens\u00ae - \u00c9cran g\u00e9ant","url":"https:\/\/imeens.com\/","logo":{"@type":"ImageObject","inLanguage":"en-US","@id":"https:\/\/imeens.com\/#\/schema\/logo\/image\/","url":"https:\/\/imeens.com\/wp-content\/uploads\/2022\/02\/Logo-imeens-noir.png","contentUrl":"https:\/\/imeens.com\/wp-content\/uploads\/2022\/02\/Logo-imeens-noir.png","width":2084,"height":467,"caption":"Imeens\u00ae - \u00c9cran g\u00e9ant"},"image":{"@id":"https:\/\/imeens.com\/#\/schema\/logo\/image\/"}}]}},"_links":{"self":[{"href":"https:\/\/imeens.com\/en\/wp-json\/wp\/v2\/pages\/3947"}],"collection":[{"href":"https:\/\/imeens.com\/en\/wp-json\/wp\/v2\/pages"}],"about":[{"href":"https:\/\/imeens.com\/en\/wp-json\/wp\/v2\/types\/page"}],"author":[{"embeddable":true,"href":"https:\/\/imeens.com\/en\/wp-json\/wp\/v2\/users\/3"}],"replies":[{"embeddable":true,"href":"https:\/\/imeens.com\/en\/wp-json\/wp\/v2\/comments?post=3947"}],"version-history":[{"count":4,"href":"https:\/\/imeens.com\/en\/wp-json\/wp\/v2\/pages\/3947\/revisions"}],"predecessor-version":[{"id":3951,"href":"https:\/\/imeens.com\/en\/wp-json\/wp\/v2\/pages\/3947\/revisions\/3951"}],"wp:attachment":[{"href":"https:\/\/imeens.com\/en\/wp-json\/wp\/v2\/media?parent=3947"}],"curies":[{"name":"wp","href":"https:\/\/api.w.org\/{rel}","templated":true}]}}