{"id":3956,"date":"2021-10-26T10:30:43","date_gmt":"2021-10-26T08:30:43","guid":{"rendered":"https:\/\/imeens.com\/home-cinema\/"},"modified":"2022-01-07T09:09:24","modified_gmt":"2022-01-07T08:09:24","slug":"home-cinema","status":"publish","type":"page","link":"https:\/\/imeens.com\/en\/home-cinema\/","title":{"rendered":"Home Cinema"},"content":{"rendered":"","protected":false},"excerpt":{"rendered":"","protected":false},"author":3,"featured_media":5359,"parent":0,"menu_order":0,"comment_status":"closed","ping_status":"closed","template":"templates\/template-flexible.php","meta":{"footnotes":""},"class_list":["post-3956","page","type-page","status-publish","has-post-thumbnail","hentry"],"acf":[],"yoast_head":"<!-- This site is optimized with the Yoast SEO plugin v27.4 - https:\/\/yoast.com\/product\/yoast-seo-wordpress\/ -->\n<title>Ecran Home cin\u00e9ma : T\u00e9l\u00e9viseur LED \u00e9cran g\u00e9ant Home Cinema - Imeens<\/title>\n<meta name=\"description\" content=\"Poss\u00e9dez votre propre salle de cin\u00e9ma chez vous gr\u00e2ce \u00e0 nos \u00e9crans g\u00e9ants ultra haute r\u00e9solution tout \u00e9quip\u00e9s.\" \/>\n<meta name=\"robots\" content=\"index, follow, max-snippet:-1, max-image-preview:large, max-video-preview:-1\" \/>\n<link rel=\"canonical\" href=\"https:\/\/imeens.com\/en\/home-cinema\/\" \/>\n<meta property=\"og:locale\" content=\"en_US\" \/>\n<meta property=\"og:type\" content=\"article\" \/>\n<meta property=\"og:title\" content=\"Ecran Home cin\u00e9ma : T\u00e9l\u00e9viseur LED \u00e9cran g\u00e9ant Home Cinema - Imeens\" \/>\n<meta property=\"og:description\" content=\"Poss\u00e9dez votre propre salle de cin\u00e9ma chez vous gr\u00e2ce \u00e0 nos \u00e9crans g\u00e9ants ultra haute r\u00e9solution tout \u00e9quip\u00e9s.\" \/>\n<meta property=\"og:url\" content=\"https:\/\/imeens.com\/en\/home-cinema\/\" \/>\n<meta property=\"og:site_name\" content=\"Imeens\" \/>\n<meta property=\"article:modified_time\" content=\"2022-01-07T08:09:24+00:00\" \/>\n<meta name=\"twitter:card\" content=\"summary_large_image\" \/>\n<script type=\"application\/ld+json\" class=\"yoast-schema-graph\">{\"@context\":\"https:\\\/\\\/schema.org\",\"@graph\":[{\"@type\":\"WebPage\",\"@id\":\"https:\\\/\\\/imeens.com\\\/en\\\/home-cinema\\\/\",\"url\":\"https:\\\/\\\/imeens.com\\\/en\\\/home-cinema\\\/\",\"name\":\"Ecran Home cin\u00e9ma : T\u00e9l\u00e9viseur LED \u00e9cran g\u00e9ant Home Cinema - Imeens\",\"isPartOf\":{\"@id\":\"https:\\\/\\\/imeens.com\\\/#website\"},\"primaryImageOfPage\":{\"@id\":\"https:\\\/\\\/imeens.com\\\/en\\\/home-cinema\\\/#primaryimage\"},\"image\":{\"@id\":\"https:\\\/\\\/imeens.com\\\/en\\\/home-cinema\\\/#primaryimage\"},\"thumbnailUrl\":\"https:\\\/\\\/imeens.com\\\/wp-content\\\/uploads\\\/2022\\\/05\\\/Ecran-geant-Micro-LED-4K-home-cinema-domotique3.png\",\"datePublished\":\"2021-10-26T08:30:43+00:00\",\"dateModified\":\"2022-01-07T08:09:24+00:00\",\"description\":\"Poss\u00e9dez votre propre salle de cin\u00e9ma chez vous gr\u00e2ce \u00e0 nos \u00e9crans g\u00e9ants ultra haute r\u00e9solution tout \u00e9quip\u00e9s.\",\"inLanguage\":\"en-US\",\"potentialAction\":[{\"@type\":\"ReadAction\",\"target\":[\"https:\\\/\\\/imeens.com\\\/en\\\/home-cinema\\\/\"]}]},{\"@type\":\"ImageObject\",\"inLanguage\":\"en-US\",\"@id\":\"https:\\\/\\\/imeens.com\\\/en\\\/home-cinema\\\/#primaryimage\",\"url\":\"https:\\\/\\\/imeens.com\\\/wp-content\\\/uploads\\\/2022\\\/05\\\/Ecran-geant-Micro-LED-4K-home-cinema-domotique3.png\",\"contentUrl\":\"https:\\\/\\\/imeens.com\\\/wp-content\\\/uploads\\\/2022\\\/05\\\/Ecran-geant-Micro-LED-4K-home-cinema-domotique3.png\",\"width\":1920,\"height\":1476,\"caption\":\"\u00c9cran g\u00e9ant Micro LED 4K home cin\u00e9ma domotique(3)\"},{\"@type\":\"WebSite\",\"@id\":\"https:\\\/\\\/imeens.com\\\/#website\",\"url\":\"https:\\\/\\\/imeens.com\\\/\",\"name\":\"Imeens\",\"description\":\"Mur LED, \u00e9cran g\u00e9ant LED et mur d&#039;\u00e9cran MicroLED 4K\",\"publisher\":{\"@id\":\"https:\\\/\\\/imeens.com\\\/#organization\"},\"potentialAction\":[{\"@type\":\"SearchAction\",\"target\":{\"@type\":\"EntryPoint\",\"urlTemplate\":\"https:\\\/\\\/imeens.com\\\/?s={search_term_string}\"},\"query-input\":{\"@type\":\"PropertyValueSpecification\",\"valueRequired\":true,\"valueName\":\"search_term_string\"}}],\"inLanguage\":\"en-US\"},{\"@type\":\"Organization\",\"@id\":\"https:\\\/\\\/imeens.com\\\/#organization\",\"name\":\"Imeens\u00ae - \u00c9cran g\u00e9ant\",\"url\":\"https:\\\/\\\/imeens.com\\\/\",\"logo\":{\"@type\":\"ImageObject\",\"inLanguage\":\"en-US\",\"@id\":\"https:\\\/\\\/imeens.com\\\/#\\\/schema\\\/logo\\\/image\\\/\",\"url\":\"https:\\\/\\\/imeens.com\\\/wp-content\\\/uploads\\\/2022\\\/02\\\/Logo-imeens-noir.png\",\"contentUrl\":\"https:\\\/\\\/imeens.com\\\/wp-content\\\/uploads\\\/2022\\\/02\\\/Logo-imeens-noir.png\",\"width\":2084,\"height\":467,\"caption\":\"Imeens\u00ae - \u00c9cran g\u00e9ant\"},\"image\":{\"@id\":\"https:\\\/\\\/imeens.com\\\/#\\\/schema\\\/logo\\\/image\\\/\"}}]}<\/script>\n<!-- \/ Yoast SEO plugin. -->","yoast_head_json":{"title":"Ecran Home cin\u00e9ma : T\u00e9l\u00e9viseur LED \u00e9cran g\u00e9ant Home Cinema - Imeens","description":"Poss\u00e9dez votre propre salle de cin\u00e9ma chez vous gr\u00e2ce \u00e0 nos \u00e9crans g\u00e9ants ultra haute r\u00e9solution tout \u00e9quip\u00e9s.","robots":{"index":"index","follow":"follow","max-snippet":"max-snippet:-1","max-image-preview":"max-image-preview:large","max-video-preview":"max-video-preview:-1"},"canonical":"https:\/\/imeens.com\/en\/home-cinema\/","og_locale":"en_US","og_type":"article","og_title":"Ecran Home cin\u00e9ma : T\u00e9l\u00e9viseur LED \u00e9cran g\u00e9ant Home Cinema - Imeens","og_description":"Poss\u00e9dez votre propre salle de cin\u00e9ma chez vous gr\u00e2ce \u00e0 nos \u00e9crans g\u00e9ants ultra haute r\u00e9solution tout \u00e9quip\u00e9s.","og_url":"https:\/\/imeens.com\/en\/home-cinema\/","og_site_name":"Imeens","article_modified_time":"2022-01-07T08:09:24+00:00","twitter_card":"summary_large_image","schema":{"@context":"https:\/\/schema.org","@graph":[{"@type":"WebPage","@id":"https:\/\/imeens.com\/en\/home-cinema\/","url":"https:\/\/imeens.com\/en\/home-cinema\/","name":"Ecran Home cin\u00e9ma : T\u00e9l\u00e9viseur LED \u00e9cran g\u00e9ant Home Cinema - Imeens","isPartOf":{"@id":"https:\/\/imeens.com\/#website"},"primaryImageOfPage":{"@id":"https:\/\/imeens.com\/en\/home-cinema\/#primaryimage"},"image":{"@id":"https:\/\/imeens.com\/en\/home-cinema\/#primaryimage"},"thumbnailUrl":"https:\/\/imeens.com\/wp-content\/uploads\/2022\/05\/Ecran-geant-Micro-LED-4K-home-cinema-domotique3.png","datePublished":"2021-10-26T08:30:43+00:00","dateModified":"2022-01-07T08:09:24+00:00","description":"Poss\u00e9dez votre propre salle de cin\u00e9ma chez vous gr\u00e2ce \u00e0 nos \u00e9crans g\u00e9ants ultra haute r\u00e9solution tout \u00e9quip\u00e9s.","inLanguage":"en-US","potentialAction":[{"@type":"ReadAction","target":["https:\/\/imeens.com\/en\/home-cinema\/"]}]},{"@type":"ImageObject","inLanguage":"en-US","@id":"https:\/\/imeens.com\/en\/home-cinema\/#primaryimage","url":"https:\/\/imeens.com\/wp-content\/uploads\/2022\/05\/Ecran-geant-Micro-LED-4K-home-cinema-domotique3.png","contentUrl":"https:\/\/imeens.com\/wp-content\/uploads\/2022\/05\/Ecran-geant-Micro-LED-4K-home-cinema-domotique3.png","width":1920,"height":1476,"caption":"\u00c9cran g\u00e9ant Micro LED 4K home cin\u00e9ma domotique(3)"},{"@type":"WebSite","@id":"https:\/\/imeens.com\/#website","url":"https:\/\/imeens.com\/","name":"Imeens","description":"Mur LED, \u00e9cran g\u00e9ant LED et mur d&#039;\u00e9cran MicroLED 4K","publisher":{"@id":"https:\/\/imeens.com\/#organization"},"potentialAction":[{"@type":"SearchAction","target":{"@type":"EntryPoint","urlTemplate":"https:\/\/imeens.com\/?s={search_term_string}"},"query-input":{"@type":"PropertyValueSpecification","valueRequired":true,"valueName":"search_term_string"}}],"inLanguage":"en-US"},{"@type":"Organization","@id":"https:\/\/imeens.com\/#organization","name":"Imeens\u00ae - \u00c9cran g\u00e9ant","url":"https:\/\/imeens.com\/","logo":{"@type":"ImageObject","inLanguage":"en-US","@id":"https:\/\/imeens.com\/#\/schema\/logo\/image\/","url":"https:\/\/imeens.com\/wp-content\/uploads\/2022\/02\/Logo-imeens-noir.png","contentUrl":"https:\/\/imeens.com\/wp-content\/uploads\/2022\/02\/Logo-imeens-noir.png","width":2084,"height":467,"caption":"Imeens\u00ae - \u00c9cran g\u00e9ant"},"image":{"@id":"https:\/\/imeens.com\/#\/schema\/logo\/image\/"}}]}},"_links":{"self":[{"href":"https:\/\/imeens.com\/en\/wp-json\/wp\/v2\/pages\/3956","targetHints":{"allow":["GET"]}}],"collection":[{"href":"https:\/\/imeens.com\/en\/wp-json\/wp\/v2\/pages"}],"about":[{"href":"https:\/\/imeens.com\/en\/wp-json\/wp\/v2\/types\/page"}],"author":[{"embeddable":true,"href":"https:\/\/imeens.com\/en\/wp-json\/wp\/v2\/users\/3"}],"replies":[{"embeddable":true,"href":"https:\/\/imeens.com\/en\/wp-json\/wp\/v2\/comments?post=3956"}],"version-history":[{"count":2,"href":"https:\/\/imeens.com\/en\/wp-json\/wp\/v2\/pages\/3956\/revisions"}],"predecessor-version":[{"id":3958,"href":"https:\/\/imeens.com\/en\/wp-json\/wp\/v2\/pages\/3956\/revisions\/3958"}],"wp:featuredmedia":[{"embeddable":true,"href":"https:\/\/imeens.com\/en\/wp-json\/wp\/v2\/media\/5359"}],"wp:attachment":[{"href":"https:\/\/imeens.com\/en\/wp-json\/wp\/v2\/media?parent=3956"}],"curies":[{"name":"wp","href":"https:\/\/api.w.org\/{rel}","templated":true}]}}