{"id":3959,"date":"2022-01-07T12:16:05","date_gmt":"2022-01-07T11:16:05","guid":{"rendered":"https:\/\/imeens.com\/?page_id=3959"},"modified":"2022-01-07T12:16:05","modified_gmt":"2022-01-07T11:16:05","slug":"commerce","status":"publish","type":"page","link":"https:\/\/imeens.com\/en\/commerce\/","title":{"rendered":"Commerce"},"content":{"rendered":"","protected":false},"excerpt":{"rendered":"","protected":false},"author":3,"featured_media":0,"parent":0,"menu_order":0,"comment_status":"closed","ping_status":"closed","template":"templates\/template-flexible.php","meta":[],"acf":[],"yoast_head":"<!-- This site is optimized with the Yoast SEO plugin v19.13 - https:\/\/yoast.com\/wordpress\/plugins\/seo\/ -->\n<title>\u00c9cran g\u00e9ant LED boutique, centre commercial : affichage offres commerciales - Imeens<\/title>\n<meta name=\"description\" content=\"Promouvez vos offres commerciales en grand format gr\u00e2ce \u00e0 la technologie de nos \u00e9crans g\u00e9ants nouvelle g\u00e9n\u00e9ration\" \/>\n<meta name=\"robots\" content=\"index, follow, max-snippet:-1, max-image-preview:large, max-video-preview:-1\" \/>\n<link rel=\"canonical\" href=\"https:\/\/imeens.com\/en\/commerce\/\" \/>\n<meta property=\"og:locale\" content=\"en_US\" \/>\n<meta property=\"og:type\" content=\"article\" \/>\n<meta property=\"og:title\" content=\"\u00c9cran g\u00e9ant LED boutique, centre commercial : affichage offres commerciales - Imeens\" \/>\n<meta property=\"og:description\" content=\"Promouvez vos offres commerciales en grand format gr\u00e2ce \u00e0 la technologie de nos \u00e9crans g\u00e9ants nouvelle g\u00e9n\u00e9ration\" \/>\n<meta property=\"og:url\" content=\"https:\/\/imeens.com\/en\/commerce\/\" \/>\n<meta property=\"og:site_name\" content=\"Imeens\" \/>\n<meta name=\"twitter:card\" content=\"summary_large_image\" \/>\n<script type=\"application\/ld+json\" class=\"yoast-schema-graph\">{\"@context\":\"https:\/\/schema.org\",\"@graph\":[{\"@type\":\"WebPage\",\"@id\":\"https:\/\/imeens.com\/en\/commerce\/\",\"url\":\"https:\/\/imeens.com\/en\/commerce\/\",\"name\":\"\u00c9cran g\u00e9ant LED boutique, centre commercial : affichage offres commerciales - Imeens\",\"isPartOf\":{\"@id\":\"https:\/\/imeens.com\/#website\"},\"datePublished\":\"2022-01-07T11:16:05+00:00\",\"dateModified\":\"2022-01-07T11:16:05+00:00\",\"description\":\"Promouvez vos offres commerciales en grand format gr\u00e2ce \u00e0 la technologie de nos \u00e9crans g\u00e9ants nouvelle g\u00e9n\u00e9ration\",\"inLanguage\":\"en-US\",\"potentialAction\":[{\"@type\":\"ReadAction\",\"target\":[\"https:\/\/imeens.com\/en\/commerce\/\"]}]},{\"@type\":\"WebSite\",\"@id\":\"https:\/\/imeens.com\/#website\",\"url\":\"https:\/\/imeens.com\/\",\"name\":\"Imeens\",\"description\":\"Mur LED, \u00e9cran g\u00e9ant LED et mur d&#039;\u00e9cran MicroLED 4K\",\"publisher\":{\"@id\":\"https:\/\/imeens.com\/#organization\"},\"potentialAction\":[{\"@type\":\"SearchAction\",\"target\":{\"@type\":\"EntryPoint\",\"urlTemplate\":\"https:\/\/imeens.com\/?s={search_term_string}\"},\"query-input\":\"required name=search_term_string\"}],\"inLanguage\":\"en-US\"},{\"@type\":\"Organization\",\"@id\":\"https:\/\/imeens.com\/#organization\",\"name\":\"Imeens\u00ae - \u00c9cran g\u00e9ant\",\"url\":\"https:\/\/imeens.com\/\",\"logo\":{\"@type\":\"ImageObject\",\"inLanguage\":\"en-US\",\"@id\":\"https:\/\/imeens.com\/#\/schema\/logo\/image\/\",\"url\":\"https:\/\/imeens.com\/wp-content\/uploads\/2022\/02\/Logo-imeens-noir.png\",\"contentUrl\":\"https:\/\/imeens.com\/wp-content\/uploads\/2022\/02\/Logo-imeens-noir.png\",\"width\":2084,\"height\":467,\"caption\":\"Imeens\u00ae - \u00c9cran g\u00e9ant\"},\"image\":{\"@id\":\"https:\/\/imeens.com\/#\/schema\/logo\/image\/\"}}]}<\/script>\n<!-- \/ Yoast SEO plugin. -->","yoast_head_json":{"title":"\u00c9cran g\u00e9ant LED boutique, centre commercial : affichage offres commerciales - Imeens","description":"Promouvez vos offres commerciales en grand format gr\u00e2ce \u00e0 la technologie de nos \u00e9crans g\u00e9ants nouvelle g\u00e9n\u00e9ration","robots":{"index":"index","follow":"follow","max-snippet":"max-snippet:-1","max-image-preview":"max-image-preview:large","max-video-preview":"max-video-preview:-1"},"canonical":"https:\/\/imeens.com\/en\/commerce\/","og_locale":"en_US","og_type":"article","og_title":"\u00c9cran g\u00e9ant LED boutique, centre commercial : affichage offres commerciales - Imeens","og_description":"Promouvez vos offres commerciales en grand format gr\u00e2ce \u00e0 la technologie de nos \u00e9crans g\u00e9ants nouvelle g\u00e9n\u00e9ration","og_url":"https:\/\/imeens.com\/en\/commerce\/","og_site_name":"Imeens","twitter_card":"summary_large_image","schema":{"@context":"https:\/\/schema.org","@graph":[{"@type":"WebPage","@id":"https:\/\/imeens.com\/en\/commerce\/","url":"https:\/\/imeens.com\/en\/commerce\/","name":"\u00c9cran g\u00e9ant LED boutique, centre commercial : affichage offres commerciales - Imeens","isPartOf":{"@id":"https:\/\/imeens.com\/#website"},"datePublished":"2022-01-07T11:16:05+00:00","dateModified":"2022-01-07T11:16:05+00:00","description":"Promouvez vos offres commerciales en grand format gr\u00e2ce \u00e0 la technologie de nos \u00e9crans g\u00e9ants nouvelle g\u00e9n\u00e9ration","inLanguage":"en-US","potentialAction":[{"@type":"ReadAction","target":["https:\/\/imeens.com\/en\/commerce\/"]}]},{"@type":"WebSite","@id":"https:\/\/imeens.com\/#website","url":"https:\/\/imeens.com\/","name":"Imeens","description":"Mur LED, \u00e9cran g\u00e9ant LED et mur d&#039;\u00e9cran MicroLED 4K","publisher":{"@id":"https:\/\/imeens.com\/#organization"},"potentialAction":[{"@type":"SearchAction","target":{"@type":"EntryPoint","urlTemplate":"https:\/\/imeens.com\/?s={search_term_string}"},"query-input":"required name=search_term_string"}],"inLanguage":"en-US"},{"@type":"Organization","@id":"https:\/\/imeens.com\/#organization","name":"Imeens\u00ae - \u00c9cran g\u00e9ant","url":"https:\/\/imeens.com\/","logo":{"@type":"ImageObject","inLanguage":"en-US","@id":"https:\/\/imeens.com\/#\/schema\/logo\/image\/","url":"https:\/\/imeens.com\/wp-content\/uploads\/2022\/02\/Logo-imeens-noir.png","contentUrl":"https:\/\/imeens.com\/wp-content\/uploads\/2022\/02\/Logo-imeens-noir.png","width":2084,"height":467,"caption":"Imeens\u00ae - \u00c9cran g\u00e9ant"},"image":{"@id":"https:\/\/imeens.com\/#\/schema\/logo\/image\/"}}]}},"_links":{"self":[{"href":"https:\/\/imeens.com\/en\/wp-json\/wp\/v2\/pages\/3959"}],"collection":[{"href":"https:\/\/imeens.com\/en\/wp-json\/wp\/v2\/pages"}],"about":[{"href":"https:\/\/imeens.com\/en\/wp-json\/wp\/v2\/types\/page"}],"author":[{"embeddable":true,"href":"https:\/\/imeens.com\/en\/wp-json\/wp\/v2\/users\/3"}],"replies":[{"embeddable":true,"href":"https:\/\/imeens.com\/en\/wp-json\/wp\/v2\/comments?post=3959"}],"version-history":[{"count":2,"href":"https:\/\/imeens.com\/en\/wp-json\/wp\/v2\/pages\/3959\/revisions"}],"predecessor-version":[{"id":3961,"href":"https:\/\/imeens.com\/en\/wp-json\/wp\/v2\/pages\/3959\/revisions\/3961"}],"wp:attachment":[{"href":"https:\/\/imeens.com\/en\/wp-json\/wp\/v2\/media?parent=3959"}],"curies":[{"name":"wp","href":"https:\/\/api.w.org\/{rel}","templated":true}]}}