{"id":3967,"date":"2021-10-25T11:00:36","date_gmt":"2021-10-25T09:00:36","guid":{"rendered":"https:\/\/imeens.com\/transport\/"},"modified":"2022-01-10T17:10:39","modified_gmt":"2022-01-10T16:10:39","slug":"transport","status":"publish","type":"page","link":"https:\/\/imeens.com\/en\/transport\/","title":{"rendered":"Transport"},"content":{"rendered":"<h1>Voyager sur \u00e9cran g\u00e9ant LED<\/h1>\n<p><em>Vos voyageurs en grande h\u00e2te !<\/em><\/p>\n","protected":false},"excerpt":{"rendered":"<p>Voyager sur \u00e9cran g\u00e9ant LED Vos voyageurs en grande h\u00e2te !<\/p>\n","protected":false},"author":3,"featured_media":0,"parent":0,"menu_order":0,"comment_status":"closed","ping_status":"closed","template":"templates\/template-flexible.php","meta":{"footnotes":""},"class_list":["post-3967","page","type-page","status-publish","hentry"],"acf":[],"yoast_head":"<!-- This site is optimized with the Yoast SEO plugin v27.4 - https:\/\/yoast.com\/product\/yoast-seo-wordpress\/ -->\n<title>Panneau d&#039;affichage : \u00e9cran g\u00e9ant LED hall de gare, a\u00e9roport - Imeens<\/title>\n<meta name=\"description\" content=\"Am\u00e9liorez la relation avec vos passagers en gare et a\u00e9roport en leur fournissant des informations en temps et en heure gr\u00e2ce la technologie des \u00e9crans g\u00e9ants Imeens\u00ae\" \/>\n<meta name=\"robots\" content=\"index, follow, max-snippet:-1, max-image-preview:large, max-video-preview:-1\" \/>\n<link rel=\"canonical\" href=\"https:\/\/imeens.com\/en\/transport\/\" \/>\n<meta property=\"og:locale\" content=\"en_US\" \/>\n<meta property=\"og:type\" content=\"article\" \/>\n<meta property=\"og:title\" content=\"Panneau d&#039;affichage : \u00e9cran g\u00e9ant LED hall de gare, a\u00e9roport - Imeens\" \/>\n<meta property=\"og:description\" content=\"Am\u00e9liorez la relation avec vos passagers en gare et a\u00e9roport en leur fournissant des informations en temps et en heure gr\u00e2ce la technologie des \u00e9crans g\u00e9ants Imeens\u00ae\" \/>\n<meta property=\"og:url\" content=\"https:\/\/imeens.com\/en\/transport\/\" \/>\n<meta property=\"og:site_name\" content=\"Imeens\" \/>\n<meta property=\"article:modified_time\" content=\"2022-01-10T16:10:39+00:00\" \/>\n<meta name=\"twitter:card\" content=\"summary_large_image\" \/>\n<script type=\"application\/ld+json\" class=\"yoast-schema-graph\">{\"@context\":\"https:\\\/\\\/schema.org\",\"@graph\":[{\"@type\":\"WebPage\",\"@id\":\"https:\\\/\\\/imeens.com\\\/en\\\/transport\\\/\",\"url\":\"https:\\\/\\\/imeens.com\\\/en\\\/transport\\\/\",\"name\":\"Panneau d'affichage : \u00e9cran g\u00e9ant LED hall de gare, a\u00e9roport - Imeens\",\"isPartOf\":{\"@id\":\"https:\\\/\\\/imeens.com\\\/#website\"},\"datePublished\":\"2021-10-25T09:00:36+00:00\",\"dateModified\":\"2022-01-10T16:10:39+00:00\",\"description\":\"Am\u00e9liorez la relation avec vos passagers en gare et a\u00e9roport en leur fournissant des informations en temps et en heure gr\u00e2ce la technologie des \u00e9crans g\u00e9ants Imeens\u00ae\",\"inLanguage\":\"en-US\",\"potentialAction\":[{\"@type\":\"ReadAction\",\"target\":[\"https:\\\/\\\/imeens.com\\\/en\\\/transport\\\/\"]}]},{\"@type\":\"WebSite\",\"@id\":\"https:\\\/\\\/imeens.com\\\/#website\",\"url\":\"https:\\\/\\\/imeens.com\\\/\",\"name\":\"Imeens\",\"description\":\"Mur LED, \u00e9cran g\u00e9ant LED et mur d&#039;\u00e9cran MicroLED 4K\",\"publisher\":{\"@id\":\"https:\\\/\\\/imeens.com\\\/#organization\"},\"potentialAction\":[{\"@type\":\"SearchAction\",\"target\":{\"@type\":\"EntryPoint\",\"urlTemplate\":\"https:\\\/\\\/imeens.com\\\/?s={search_term_string}\"},\"query-input\":{\"@type\":\"PropertyValueSpecification\",\"valueRequired\":true,\"valueName\":\"search_term_string\"}}],\"inLanguage\":\"en-US\"},{\"@type\":\"Organization\",\"@id\":\"https:\\\/\\\/imeens.com\\\/#organization\",\"name\":\"Imeens\u00ae - \u00c9cran g\u00e9ant\",\"url\":\"https:\\\/\\\/imeens.com\\\/\",\"logo\":{\"@type\":\"ImageObject\",\"inLanguage\":\"en-US\",\"@id\":\"https:\\\/\\\/imeens.com\\\/#\\\/schema\\\/logo\\\/image\\\/\",\"url\":\"https:\\\/\\\/imeens.com\\\/wp-content\\\/uploads\\\/2022\\\/02\\\/Logo-imeens-noir.png\",\"contentUrl\":\"https:\\\/\\\/imeens.com\\\/wp-content\\\/uploads\\\/2022\\\/02\\\/Logo-imeens-noir.png\",\"width\":2084,\"height\":467,\"caption\":\"Imeens\u00ae - \u00c9cran g\u00e9ant\"},\"image\":{\"@id\":\"https:\\\/\\\/imeens.com\\\/#\\\/schema\\\/logo\\\/image\\\/\"}}]}<\/script>\n<!-- \/ Yoast SEO plugin. -->","yoast_head_json":{"title":"Panneau d'affichage : \u00e9cran g\u00e9ant LED hall de gare, a\u00e9roport - Imeens","description":"Am\u00e9liorez la relation avec vos passagers en gare et a\u00e9roport en leur fournissant des informations en temps et en heure gr\u00e2ce la technologie des \u00e9crans g\u00e9ants Imeens\u00ae","robots":{"index":"index","follow":"follow","max-snippet":"max-snippet:-1","max-image-preview":"max-image-preview:large","max-video-preview":"max-video-preview:-1"},"canonical":"https:\/\/imeens.com\/en\/transport\/","og_locale":"en_US","og_type":"article","og_title":"Panneau d'affichage : \u00e9cran g\u00e9ant LED hall de gare, a\u00e9roport - Imeens","og_description":"Am\u00e9liorez la relation avec vos passagers en gare et a\u00e9roport en leur fournissant des informations en temps et en heure gr\u00e2ce la technologie des \u00e9crans g\u00e9ants Imeens\u00ae","og_url":"https:\/\/imeens.com\/en\/transport\/","og_site_name":"Imeens","article_modified_time":"2022-01-10T16:10:39+00:00","twitter_card":"summary_large_image","schema":{"@context":"https:\/\/schema.org","@graph":[{"@type":"WebPage","@id":"https:\/\/imeens.com\/en\/transport\/","url":"https:\/\/imeens.com\/en\/transport\/","name":"Panneau d'affichage : \u00e9cran g\u00e9ant LED hall de gare, a\u00e9roport - Imeens","isPartOf":{"@id":"https:\/\/imeens.com\/#website"},"datePublished":"2021-10-25T09:00:36+00:00","dateModified":"2022-01-10T16:10:39+00:00","description":"Am\u00e9liorez la relation avec vos passagers en gare et a\u00e9roport en leur fournissant des informations en temps et en heure gr\u00e2ce la technologie des \u00e9crans g\u00e9ants Imeens\u00ae","inLanguage":"en-US","potentialAction":[{"@type":"ReadAction","target":["https:\/\/imeens.com\/en\/transport\/"]}]},{"@type":"WebSite","@id":"https:\/\/imeens.com\/#website","url":"https:\/\/imeens.com\/","name":"Imeens","description":"Mur LED, \u00e9cran g\u00e9ant LED et mur d&#039;\u00e9cran MicroLED 4K","publisher":{"@id":"https:\/\/imeens.com\/#organization"},"potentialAction":[{"@type":"SearchAction","target":{"@type":"EntryPoint","urlTemplate":"https:\/\/imeens.com\/?s={search_term_string}"},"query-input":{"@type":"PropertyValueSpecification","valueRequired":true,"valueName":"search_term_string"}}],"inLanguage":"en-US"},{"@type":"Organization","@id":"https:\/\/imeens.com\/#organization","name":"Imeens\u00ae - \u00c9cran g\u00e9ant","url":"https:\/\/imeens.com\/","logo":{"@type":"ImageObject","inLanguage":"en-US","@id":"https:\/\/imeens.com\/#\/schema\/logo\/image\/","url":"https:\/\/imeens.com\/wp-content\/uploads\/2022\/02\/Logo-imeens-noir.png","contentUrl":"https:\/\/imeens.com\/wp-content\/uploads\/2022\/02\/Logo-imeens-noir.png","width":2084,"height":467,"caption":"Imeens\u00ae - \u00c9cran g\u00e9ant"},"image":{"@id":"https:\/\/imeens.com\/#\/schema\/logo\/image\/"}}]}},"_links":{"self":[{"href":"https:\/\/imeens.com\/en\/wp-json\/wp\/v2\/pages\/3967","targetHints":{"allow":["GET"]}}],"collection":[{"href":"https:\/\/imeens.com\/en\/wp-json\/wp\/v2\/pages"}],"about":[{"href":"https:\/\/imeens.com\/en\/wp-json\/wp\/v2\/types\/page"}],"author":[{"embeddable":true,"href":"https:\/\/imeens.com\/en\/wp-json\/wp\/v2\/users\/3"}],"replies":[{"embeddable":true,"href":"https:\/\/imeens.com\/en\/wp-json\/wp\/v2\/comments?post=3967"}],"version-history":[{"count":2,"href":"https:\/\/imeens.com\/en\/wp-json\/wp\/v2\/pages\/3967\/revisions"}],"predecessor-version":[{"id":4058,"href":"https:\/\/imeens.com\/en\/wp-json\/wp\/v2\/pages\/3967\/revisions\/4058"}],"wp:attachment":[{"href":"https:\/\/imeens.com\/en\/wp-json\/wp\/v2\/media?parent=3967"}],"curies":[{"name":"wp","href":"https:\/\/api.w.org\/{rel}","templated":true}]}}