{"id":3974,"date":"2021-10-27T09:57:15","date_gmt":"2021-10-27T07:57:15","guid":{"rendered":"https:\/\/imeens.com\/sante\/"},"modified":"2022-01-10T17:11:27","modified_gmt":"2022-01-10T16:11:27","slug":"health","status":"publish","type":"page","link":"https:\/\/imeens.com\/en\/health\/","title":{"rendered":"Health"},"content":{"rendered":"","protected":false},"excerpt":{"rendered":"","protected":false},"author":3,"featured_media":0,"parent":0,"menu_order":0,"comment_status":"closed","ping_status":"closed","template":"templates\/template-flexible.php","meta":{"footnotes":""},"class_list":["post-3974","page","type-page","status-publish","hentry"],"acf":[],"yoast_head":"<!-- This site is optimized with the Yoast SEO plugin v27.4 - https:\/\/yoast.com\/product\/yoast-seo-wordpress\/ -->\n<title>\u00c9cran g\u00e9ant LED h\u00f4pital et r\u00e9sidence senior : Affichage g\u00e9ant informations sant\u00e9, divertissement - Imeens<\/title>\n<meta name=\"description\" content=\"Favorisez la circulation d\u2019informations dans vos \u00e9tablissements de sant\u00e9 en utilisant des \u00e9crans g\u00e9ants modernes et novateurs de la marque Imeens\u00ae\" \/>\n<meta name=\"robots\" content=\"index, follow, max-snippet:-1, max-image-preview:large, max-video-preview:-1\" \/>\n<link rel=\"canonical\" href=\"https:\/\/imeens.com\/en\/health\/\" \/>\n<meta property=\"og:locale\" content=\"en_US\" \/>\n<meta property=\"og:type\" content=\"article\" \/>\n<meta property=\"og:title\" content=\"\u00c9cran g\u00e9ant LED h\u00f4pital et r\u00e9sidence senior : Affichage g\u00e9ant informations sant\u00e9, divertissement - Imeens\" \/>\n<meta property=\"og:description\" content=\"Favorisez la circulation d\u2019informations dans vos \u00e9tablissements de sant\u00e9 en utilisant des \u00e9crans g\u00e9ants modernes et novateurs de la marque Imeens\u00ae\" \/>\n<meta property=\"og:url\" content=\"https:\/\/imeens.com\/en\/health\/\" \/>\n<meta property=\"og:site_name\" content=\"Imeens\" \/>\n<meta property=\"article:modified_time\" content=\"2022-01-10T16:11:27+00:00\" \/>\n<meta name=\"twitter:card\" content=\"summary_large_image\" \/>\n<script type=\"application\/ld+json\" class=\"yoast-schema-graph\">{\"@context\":\"https:\\\/\\\/schema.org\",\"@graph\":[{\"@type\":\"WebPage\",\"@id\":\"https:\\\/\\\/imeens.com\\\/en\\\/health\\\/\",\"url\":\"https:\\\/\\\/imeens.com\\\/en\\\/health\\\/\",\"name\":\"\u00c9cran g\u00e9ant LED h\u00f4pital et r\u00e9sidence senior : Affichage g\u00e9ant informations sant\u00e9, divertissement - Imeens\",\"isPartOf\":{\"@id\":\"https:\\\/\\\/imeens.com\\\/#website\"},\"datePublished\":\"2021-10-27T07:57:15+00:00\",\"dateModified\":\"2022-01-10T16:11:27+00:00\",\"description\":\"Favorisez la circulation d\u2019informations dans vos \u00e9tablissements de sant\u00e9 en utilisant des \u00e9crans g\u00e9ants modernes et novateurs de la marque Imeens\u00ae\",\"inLanguage\":\"en-US\",\"potentialAction\":[{\"@type\":\"ReadAction\",\"target\":[\"https:\\\/\\\/imeens.com\\\/en\\\/health\\\/\"]}]},{\"@type\":\"WebSite\",\"@id\":\"https:\\\/\\\/imeens.com\\\/#website\",\"url\":\"https:\\\/\\\/imeens.com\\\/\",\"name\":\"Imeens\",\"description\":\"Mur LED, \u00e9cran g\u00e9ant LED et mur d&#039;\u00e9cran MicroLED 4K\",\"publisher\":{\"@id\":\"https:\\\/\\\/imeens.com\\\/#organization\"},\"potentialAction\":[{\"@type\":\"SearchAction\",\"target\":{\"@type\":\"EntryPoint\",\"urlTemplate\":\"https:\\\/\\\/imeens.com\\\/?s={search_term_string}\"},\"query-input\":{\"@type\":\"PropertyValueSpecification\",\"valueRequired\":true,\"valueName\":\"search_term_string\"}}],\"inLanguage\":\"en-US\"},{\"@type\":\"Organization\",\"@id\":\"https:\\\/\\\/imeens.com\\\/#organization\",\"name\":\"Imeens\u00ae - \u00c9cran g\u00e9ant\",\"url\":\"https:\\\/\\\/imeens.com\\\/\",\"logo\":{\"@type\":\"ImageObject\",\"inLanguage\":\"en-US\",\"@id\":\"https:\\\/\\\/imeens.com\\\/#\\\/schema\\\/logo\\\/image\\\/\",\"url\":\"https:\\\/\\\/imeens.com\\\/wp-content\\\/uploads\\\/2022\\\/02\\\/Logo-imeens-noir.png\",\"contentUrl\":\"https:\\\/\\\/imeens.com\\\/wp-content\\\/uploads\\\/2022\\\/02\\\/Logo-imeens-noir.png\",\"width\":2084,\"height\":467,\"caption\":\"Imeens\u00ae - \u00c9cran g\u00e9ant\"},\"image\":{\"@id\":\"https:\\\/\\\/imeens.com\\\/#\\\/schema\\\/logo\\\/image\\\/\"}}]}<\/script>\n<!-- \/ Yoast SEO plugin. -->","yoast_head_json":{"title":"\u00c9cran g\u00e9ant LED h\u00f4pital et r\u00e9sidence senior : Affichage g\u00e9ant informations sant\u00e9, divertissement - Imeens","description":"Favorisez la circulation d\u2019informations dans vos \u00e9tablissements de sant\u00e9 en utilisant des \u00e9crans g\u00e9ants modernes et novateurs de la marque Imeens\u00ae","robots":{"index":"index","follow":"follow","max-snippet":"max-snippet:-1","max-image-preview":"max-image-preview:large","max-video-preview":"max-video-preview:-1"},"canonical":"https:\/\/imeens.com\/en\/health\/","og_locale":"en_US","og_type":"article","og_title":"\u00c9cran g\u00e9ant LED h\u00f4pital et r\u00e9sidence senior : Affichage g\u00e9ant informations sant\u00e9, divertissement - Imeens","og_description":"Favorisez la circulation d\u2019informations dans vos \u00e9tablissements de sant\u00e9 en utilisant des \u00e9crans g\u00e9ants modernes et novateurs de la marque Imeens\u00ae","og_url":"https:\/\/imeens.com\/en\/health\/","og_site_name":"Imeens","article_modified_time":"2022-01-10T16:11:27+00:00","twitter_card":"summary_large_image","schema":{"@context":"https:\/\/schema.org","@graph":[{"@type":"WebPage","@id":"https:\/\/imeens.com\/en\/health\/","url":"https:\/\/imeens.com\/en\/health\/","name":"\u00c9cran g\u00e9ant LED h\u00f4pital et r\u00e9sidence senior : Affichage g\u00e9ant informations sant\u00e9, divertissement - Imeens","isPartOf":{"@id":"https:\/\/imeens.com\/#website"},"datePublished":"2021-10-27T07:57:15+00:00","dateModified":"2022-01-10T16:11:27+00:00","description":"Favorisez la circulation d\u2019informations dans vos \u00e9tablissements de sant\u00e9 en utilisant des \u00e9crans g\u00e9ants modernes et novateurs de la marque Imeens\u00ae","inLanguage":"en-US","potentialAction":[{"@type":"ReadAction","target":["https:\/\/imeens.com\/en\/health\/"]}]},{"@type":"WebSite","@id":"https:\/\/imeens.com\/#website","url":"https:\/\/imeens.com\/","name":"Imeens","description":"Mur LED, \u00e9cran g\u00e9ant LED et mur d&#039;\u00e9cran MicroLED 4K","publisher":{"@id":"https:\/\/imeens.com\/#organization"},"potentialAction":[{"@type":"SearchAction","target":{"@type":"EntryPoint","urlTemplate":"https:\/\/imeens.com\/?s={search_term_string}"},"query-input":{"@type":"PropertyValueSpecification","valueRequired":true,"valueName":"search_term_string"}}],"inLanguage":"en-US"},{"@type":"Organization","@id":"https:\/\/imeens.com\/#organization","name":"Imeens\u00ae - \u00c9cran g\u00e9ant","url":"https:\/\/imeens.com\/","logo":{"@type":"ImageObject","inLanguage":"en-US","@id":"https:\/\/imeens.com\/#\/schema\/logo\/image\/","url":"https:\/\/imeens.com\/wp-content\/uploads\/2022\/02\/Logo-imeens-noir.png","contentUrl":"https:\/\/imeens.com\/wp-content\/uploads\/2022\/02\/Logo-imeens-noir.png","width":2084,"height":467,"caption":"Imeens\u00ae - \u00c9cran g\u00e9ant"},"image":{"@id":"https:\/\/imeens.com\/#\/schema\/logo\/image\/"}}]}},"_links":{"self":[{"href":"https:\/\/imeens.com\/en\/wp-json\/wp\/v2\/pages\/3974","targetHints":{"allow":["GET"]}}],"collection":[{"href":"https:\/\/imeens.com\/en\/wp-json\/wp\/v2\/pages"}],"about":[{"href":"https:\/\/imeens.com\/en\/wp-json\/wp\/v2\/types\/page"}],"author":[{"embeddable":true,"href":"https:\/\/imeens.com\/en\/wp-json\/wp\/v2\/users\/3"}],"replies":[{"embeddable":true,"href":"https:\/\/imeens.com\/en\/wp-json\/wp\/v2\/comments?post=3974"}],"version-history":[{"count":4,"href":"https:\/\/imeens.com\/en\/wp-json\/wp\/v2\/pages\/3974\/revisions"}],"predecessor-version":[{"id":4061,"href":"https:\/\/imeens.com\/en\/wp-json\/wp\/v2\/pages\/3974\/revisions\/4061"}],"wp:attachment":[{"href":"https:\/\/imeens.com\/en\/wp-json\/wp\/v2\/media?parent=3974"}],"curies":[{"name":"wp","href":"https:\/\/api.w.org\/{rel}","templated":true}]}}