{"id":3979,"date":"2021-10-29T11:46:48","date_gmt":"2021-10-29T09:46:48","guid":{"rendered":"https:\/\/imeens.com\/tertiaire\/"},"modified":"2022-01-10T17:14:15","modified_gmt":"2022-01-10T16:14:15","slug":"tertiary","status":"publish","type":"page","link":"https:\/\/imeens.com\/en\/tertiary\/","title":{"rendered":"Tertiary"},"content":{"rendered":"","protected":false},"excerpt":{"rendered":"","protected":false},"author":3,"featured_media":7004,"parent":0,"menu_order":0,"comment_status":"closed","ping_status":"closed","template":"templates\/template-flexible.php","meta":[],"acf":[],"yoast_head":"<!-- This site is optimized with the Yoast SEO plugin v19.13 - https:\/\/yoast.com\/wordpress\/plugins\/seo\/ -->\n<title>\u00c9cran g\u00e9ant entreprise : t\u00e9l\u00e9viseur r\u00e9union, contenu corporate - Imeens<\/title>\n<meta name=\"description\" content=\"Gagnez en efficacit\u00e9 et dynamisez vos r\u00e9unions avec un \u00e9cran g\u00e9ant derni\u00e8re g\u00e9n\u00e9ration connect\u00e9. Diffusez tous vos contenus professionnels et b\u00e9n\u00e9ficiez d\u2019un \u00e9cran v\u00e9ritablement lumineux m\u00eame dans vos espaces vitr\u00e9s\" \/>\n<meta name=\"robots\" content=\"index, follow, max-snippet:-1, max-image-preview:large, max-video-preview:-1\" \/>\n<link rel=\"canonical\" href=\"https:\/\/imeens.com\/en\/tertiary\/\" \/>\n<meta property=\"og:locale\" content=\"en_US\" \/>\n<meta property=\"og:type\" content=\"article\" \/>\n<meta property=\"og:title\" content=\"\u00c9cran g\u00e9ant entreprise : t\u00e9l\u00e9viseur r\u00e9union, contenu corporate - Imeens\" \/>\n<meta property=\"og:description\" content=\"Gagnez en efficacit\u00e9 et dynamisez vos r\u00e9unions avec un \u00e9cran g\u00e9ant derni\u00e8re g\u00e9n\u00e9ration connect\u00e9. Diffusez tous vos contenus professionnels et b\u00e9n\u00e9ficiez d\u2019un \u00e9cran v\u00e9ritablement lumineux m\u00eame dans vos espaces vitr\u00e9s\" \/>\n<meta property=\"og:url\" content=\"https:\/\/imeens.com\/en\/tertiary\/\" \/>\n<meta property=\"og:site_name\" content=\"Imeens\" \/>\n<meta property=\"article:modified_time\" content=\"2022-01-10T16:14:15+00:00\" \/>\n<meta name=\"twitter:card\" content=\"summary_large_image\" \/>\n<script type=\"application\/ld+json\" class=\"yoast-schema-graph\">{\"@context\":\"https:\/\/schema.org\",\"@graph\":[{\"@type\":\"WebPage\",\"@id\":\"https:\/\/imeens.com\/en\/tertiary\/\",\"url\":\"https:\/\/imeens.com\/en\/tertiary\/\",\"name\":\"\u00c9cran g\u00e9ant entreprise : t\u00e9l\u00e9viseur r\u00e9union, contenu corporate - Imeens\",\"isPartOf\":{\"@id\":\"https:\/\/imeens.com\/#website\"},\"datePublished\":\"2021-10-29T09:46:48+00:00\",\"dateModified\":\"2022-01-10T16:14:15+00:00\",\"description\":\"Gagnez en efficacit\u00e9 et dynamisez vos r\u00e9unions avec un \u00e9cran g\u00e9ant derni\u00e8re g\u00e9n\u00e9ration connect\u00e9. Diffusez tous vos contenus professionnels et b\u00e9n\u00e9ficiez d\u2019un \u00e9cran v\u00e9ritablement lumineux m\u00eame dans vos espaces vitr\u00e9s\",\"inLanguage\":\"en-US\",\"potentialAction\":[{\"@type\":\"ReadAction\",\"target\":[\"https:\/\/imeens.com\/en\/tertiary\/\"]}]},{\"@type\":\"WebSite\",\"@id\":\"https:\/\/imeens.com\/#website\",\"url\":\"https:\/\/imeens.com\/\",\"name\":\"Imeens\",\"description\":\"Mur LED, \u00e9cran g\u00e9ant LED et mur d&#039;\u00e9cran MicroLED 4K\",\"publisher\":{\"@id\":\"https:\/\/imeens.com\/#organization\"},\"potentialAction\":[{\"@type\":\"SearchAction\",\"target\":{\"@type\":\"EntryPoint\",\"urlTemplate\":\"https:\/\/imeens.com\/?s={search_term_string}\"},\"query-input\":\"required name=search_term_string\"}],\"inLanguage\":\"en-US\"},{\"@type\":\"Organization\",\"@id\":\"https:\/\/imeens.com\/#organization\",\"name\":\"Imeens\u00ae - \u00c9cran g\u00e9ant\",\"url\":\"https:\/\/imeens.com\/\",\"logo\":{\"@type\":\"ImageObject\",\"inLanguage\":\"en-US\",\"@id\":\"https:\/\/imeens.com\/#\/schema\/logo\/image\/\",\"url\":\"https:\/\/imeens.com\/wp-content\/uploads\/2022\/02\/Logo-imeens-noir.png\",\"contentUrl\":\"https:\/\/imeens.com\/wp-content\/uploads\/2022\/02\/Logo-imeens-noir.png\",\"width\":2084,\"height\":467,\"caption\":\"Imeens\u00ae - \u00c9cran g\u00e9ant\"},\"image\":{\"@id\":\"https:\/\/imeens.com\/#\/schema\/logo\/image\/\"}}]}<\/script>\n<!-- \/ Yoast SEO plugin. -->","yoast_head_json":{"title":"\u00c9cran g\u00e9ant entreprise : t\u00e9l\u00e9viseur r\u00e9union, contenu corporate - Imeens","description":"Gagnez en efficacit\u00e9 et dynamisez vos r\u00e9unions avec un \u00e9cran g\u00e9ant derni\u00e8re g\u00e9n\u00e9ration connect\u00e9. Diffusez tous vos contenus professionnels et b\u00e9n\u00e9ficiez d\u2019un \u00e9cran v\u00e9ritablement lumineux m\u00eame dans vos espaces vitr\u00e9s","robots":{"index":"index","follow":"follow","max-snippet":"max-snippet:-1","max-image-preview":"max-image-preview:large","max-video-preview":"max-video-preview:-1"},"canonical":"https:\/\/imeens.com\/en\/tertiary\/","og_locale":"en_US","og_type":"article","og_title":"\u00c9cran g\u00e9ant entreprise : t\u00e9l\u00e9viseur r\u00e9union, contenu corporate - Imeens","og_description":"Gagnez en efficacit\u00e9 et dynamisez vos r\u00e9unions avec un \u00e9cran g\u00e9ant derni\u00e8re g\u00e9n\u00e9ration connect\u00e9. Diffusez tous vos contenus professionnels et b\u00e9n\u00e9ficiez d\u2019un \u00e9cran v\u00e9ritablement lumineux m\u00eame dans vos espaces vitr\u00e9s","og_url":"https:\/\/imeens.com\/en\/tertiary\/","og_site_name":"Imeens","article_modified_time":"2022-01-10T16:14:15+00:00","twitter_card":"summary_large_image","schema":{"@context":"https:\/\/schema.org","@graph":[{"@type":"WebPage","@id":"https:\/\/imeens.com\/en\/tertiary\/","url":"https:\/\/imeens.com\/en\/tertiary\/","name":"\u00c9cran g\u00e9ant entreprise : t\u00e9l\u00e9viseur r\u00e9union, contenu corporate - Imeens","isPartOf":{"@id":"https:\/\/imeens.com\/#website"},"datePublished":"2021-10-29T09:46:48+00:00","dateModified":"2022-01-10T16:14:15+00:00","description":"Gagnez en efficacit\u00e9 et dynamisez vos r\u00e9unions avec un \u00e9cran g\u00e9ant derni\u00e8re g\u00e9n\u00e9ration connect\u00e9. Diffusez tous vos contenus professionnels et b\u00e9n\u00e9ficiez d\u2019un \u00e9cran v\u00e9ritablement lumineux m\u00eame dans vos espaces vitr\u00e9s","inLanguage":"en-US","potentialAction":[{"@type":"ReadAction","target":["https:\/\/imeens.com\/en\/tertiary\/"]}]},{"@type":"WebSite","@id":"https:\/\/imeens.com\/#website","url":"https:\/\/imeens.com\/","name":"Imeens","description":"Mur LED, \u00e9cran g\u00e9ant LED et mur d&#039;\u00e9cran MicroLED 4K","publisher":{"@id":"https:\/\/imeens.com\/#organization"},"potentialAction":[{"@type":"SearchAction","target":{"@type":"EntryPoint","urlTemplate":"https:\/\/imeens.com\/?s={search_term_string}"},"query-input":"required name=search_term_string"}],"inLanguage":"en-US"},{"@type":"Organization","@id":"https:\/\/imeens.com\/#organization","name":"Imeens\u00ae - \u00c9cran g\u00e9ant","url":"https:\/\/imeens.com\/","logo":{"@type":"ImageObject","inLanguage":"en-US","@id":"https:\/\/imeens.com\/#\/schema\/logo\/image\/","url":"https:\/\/imeens.com\/wp-content\/uploads\/2022\/02\/Logo-imeens-noir.png","contentUrl":"https:\/\/imeens.com\/wp-content\/uploads\/2022\/02\/Logo-imeens-noir.png","width":2084,"height":467,"caption":"Imeens\u00ae - \u00c9cran g\u00e9ant"},"image":{"@id":"https:\/\/imeens.com\/#\/schema\/logo\/image\/"}}]}},"_links":{"self":[{"href":"https:\/\/imeens.com\/en\/wp-json\/wp\/v2\/pages\/3979"}],"collection":[{"href":"https:\/\/imeens.com\/en\/wp-json\/wp\/v2\/pages"}],"about":[{"href":"https:\/\/imeens.com\/en\/wp-json\/wp\/v2\/types\/page"}],"author":[{"embeddable":true,"href":"https:\/\/imeens.com\/en\/wp-json\/wp\/v2\/users\/3"}],"replies":[{"embeddable":true,"href":"https:\/\/imeens.com\/en\/wp-json\/wp\/v2\/comments?post=3979"}],"version-history":[{"count":4,"href":"https:\/\/imeens.com\/en\/wp-json\/wp\/v2\/pages\/3979\/revisions"}],"predecessor-version":[{"id":4069,"href":"https:\/\/imeens.com\/en\/wp-json\/wp\/v2\/pages\/3979\/revisions\/4069"}],"wp:featuredmedia":[{"embeddable":true,"href":"https:\/\/imeens.com\/en\/wp-json\/wp\/v2\/media\/7004"}],"wp:attachment":[{"href":"https:\/\/imeens.com\/en\/wp-json\/wp\/v2\/media?parent=3979"}],"curies":[{"name":"wp","href":"https:\/\/api.w.org\/{rel}","templated":true}]}}