{"id":3996,"date":"2021-10-07T09:25:27","date_gmt":"2021-10-07T07:25:27","guid":{"rendered":"https:\/\/imeens.com\/choisir-ma-tv-led\/"},"modified":"2022-01-10T11:58:56","modified_gmt":"2022-01-10T10:58:56","slug":"choose-my-led-tv","status":"publish","type":"page","link":"https:\/\/imeens.com\/en\/choose-my-led-tv\/","title":{"rendered":"Choose my LED TV"},"content":{"rendered":"<h1>Choisir ma TV LED<\/h1>\n","protected":false},"excerpt":{"rendered":"<p>Choisir ma TV LED<\/p>\n","protected":false},"author":3,"featured_media":0,"parent":0,"menu_order":0,"comment_status":"closed","ping_status":"closed","template":"templates\/template-flexible.php","meta":{"footnotes":""},"class_list":["post-3996","page","type-page","status-publish","hentry"],"acf":[],"yoast_head":"<!-- This site is optimized with the Yoast SEO plugin v27.4 - https:\/\/yoast.com\/product\/yoast-seo-wordpress\/ -->\n<title>Choisir ma TV LED : Acheter la bonne TV grand \u00e9cran - Imeens<\/title>\n<meta name=\"description\" content=\"Retrouvez tous nos conseils pour choisir votre \u00e9cran g\u00e9ant LED. Faites un choix \u00e9clair\u00e9 jusqu&#039;au plus petit d\u00e9tail !\" \/>\n<meta name=\"robots\" content=\"index, follow, max-snippet:-1, max-image-preview:large, max-video-preview:-1\" \/>\n<link rel=\"canonical\" href=\"https:\/\/imeens.com\/en\/choose-my-led-tv\/\" \/>\n<meta property=\"og:locale\" content=\"en_US\" \/>\n<meta property=\"og:type\" content=\"article\" \/>\n<meta property=\"og:title\" content=\"Choisir ma TV LED : Acheter la bonne TV grand \u00e9cran - Imeens\" \/>\n<meta property=\"og:description\" content=\"Retrouvez tous nos conseils pour choisir votre \u00e9cran g\u00e9ant LED. Faites un choix \u00e9clair\u00e9 jusqu&#039;au plus petit d\u00e9tail !\" \/>\n<meta property=\"og:url\" content=\"https:\/\/imeens.com\/en\/choose-my-led-tv\/\" \/>\n<meta property=\"og:site_name\" content=\"Imeens\" \/>\n<meta property=\"article:modified_time\" content=\"2022-01-10T10:58:56+00:00\" \/>\n<meta name=\"twitter:card\" content=\"summary_large_image\" \/>\n<script type=\"application\/ld+json\" class=\"yoast-schema-graph\">{\"@context\":\"https:\\\/\\\/schema.org\",\"@graph\":[{\"@type\":\"WebPage\",\"@id\":\"https:\\\/\\\/imeens.com\\\/en\\\/choose-my-led-tv\\\/\",\"url\":\"https:\\\/\\\/imeens.com\\\/en\\\/choose-my-led-tv\\\/\",\"name\":\"Choisir ma TV LED : Acheter la bonne TV grand \u00e9cran - Imeens\",\"isPartOf\":{\"@id\":\"https:\\\/\\\/imeens.com\\\/#website\"},\"datePublished\":\"2021-10-07T07:25:27+00:00\",\"dateModified\":\"2022-01-10T10:58:56+00:00\",\"description\":\"Retrouvez tous nos conseils pour choisir votre \u00e9cran g\u00e9ant LED. Faites un choix \u00e9clair\u00e9 jusqu'au plus petit d\u00e9tail !\",\"inLanguage\":\"en-US\",\"potentialAction\":[{\"@type\":\"ReadAction\",\"target\":[\"https:\\\/\\\/imeens.com\\\/en\\\/choose-my-led-tv\\\/\"]}]},{\"@type\":\"WebSite\",\"@id\":\"https:\\\/\\\/imeens.com\\\/#website\",\"url\":\"https:\\\/\\\/imeens.com\\\/\",\"name\":\"Imeens\",\"description\":\"Mur LED, \u00e9cran g\u00e9ant LED et mur d&#039;\u00e9cran MicroLED 4K\",\"publisher\":{\"@id\":\"https:\\\/\\\/imeens.com\\\/#organization\"},\"potentialAction\":[{\"@type\":\"SearchAction\",\"target\":{\"@type\":\"EntryPoint\",\"urlTemplate\":\"https:\\\/\\\/imeens.com\\\/?s={search_term_string}\"},\"query-input\":{\"@type\":\"PropertyValueSpecification\",\"valueRequired\":true,\"valueName\":\"search_term_string\"}}],\"inLanguage\":\"en-US\"},{\"@type\":\"Organization\",\"@id\":\"https:\\\/\\\/imeens.com\\\/#organization\",\"name\":\"Imeens\u00ae - \u00c9cran g\u00e9ant\",\"url\":\"https:\\\/\\\/imeens.com\\\/\",\"logo\":{\"@type\":\"ImageObject\",\"inLanguage\":\"en-US\",\"@id\":\"https:\\\/\\\/imeens.com\\\/#\\\/schema\\\/logo\\\/image\\\/\",\"url\":\"https:\\\/\\\/imeens.com\\\/wp-content\\\/uploads\\\/2022\\\/02\\\/Logo-imeens-noir.png\",\"contentUrl\":\"https:\\\/\\\/imeens.com\\\/wp-content\\\/uploads\\\/2022\\\/02\\\/Logo-imeens-noir.png\",\"width\":2084,\"height\":467,\"caption\":\"Imeens\u00ae - \u00c9cran g\u00e9ant\"},\"image\":{\"@id\":\"https:\\\/\\\/imeens.com\\\/#\\\/schema\\\/logo\\\/image\\\/\"}}]}<\/script>\n<!-- \/ Yoast SEO plugin. -->","yoast_head_json":{"title":"Choisir ma TV LED : Acheter la bonne TV grand \u00e9cran - Imeens","description":"Retrouvez tous nos conseils pour choisir votre \u00e9cran g\u00e9ant LED. Faites un choix \u00e9clair\u00e9 jusqu'au plus petit d\u00e9tail !","robots":{"index":"index","follow":"follow","max-snippet":"max-snippet:-1","max-image-preview":"max-image-preview:large","max-video-preview":"max-video-preview:-1"},"canonical":"https:\/\/imeens.com\/en\/choose-my-led-tv\/","og_locale":"en_US","og_type":"article","og_title":"Choisir ma TV LED : Acheter la bonne TV grand \u00e9cran - Imeens","og_description":"Retrouvez tous nos conseils pour choisir votre \u00e9cran g\u00e9ant LED. Faites un choix \u00e9clair\u00e9 jusqu'au plus petit d\u00e9tail !","og_url":"https:\/\/imeens.com\/en\/choose-my-led-tv\/","og_site_name":"Imeens","article_modified_time":"2022-01-10T10:58:56+00:00","twitter_card":"summary_large_image","schema":{"@context":"https:\/\/schema.org","@graph":[{"@type":"WebPage","@id":"https:\/\/imeens.com\/en\/choose-my-led-tv\/","url":"https:\/\/imeens.com\/en\/choose-my-led-tv\/","name":"Choisir ma TV LED : Acheter la bonne TV grand \u00e9cran - Imeens","isPartOf":{"@id":"https:\/\/imeens.com\/#website"},"datePublished":"2021-10-07T07:25:27+00:00","dateModified":"2022-01-10T10:58:56+00:00","description":"Retrouvez tous nos conseils pour choisir votre \u00e9cran g\u00e9ant LED. Faites un choix \u00e9clair\u00e9 jusqu'au plus petit d\u00e9tail !","inLanguage":"en-US","potentialAction":[{"@type":"ReadAction","target":["https:\/\/imeens.com\/en\/choose-my-led-tv\/"]}]},{"@type":"WebSite","@id":"https:\/\/imeens.com\/#website","url":"https:\/\/imeens.com\/","name":"Imeens","description":"Mur LED, \u00e9cran g\u00e9ant LED et mur d&#039;\u00e9cran MicroLED 4K","publisher":{"@id":"https:\/\/imeens.com\/#organization"},"potentialAction":[{"@type":"SearchAction","target":{"@type":"EntryPoint","urlTemplate":"https:\/\/imeens.com\/?s={search_term_string}"},"query-input":{"@type":"PropertyValueSpecification","valueRequired":true,"valueName":"search_term_string"}}],"inLanguage":"en-US"},{"@type":"Organization","@id":"https:\/\/imeens.com\/#organization","name":"Imeens\u00ae - \u00c9cran g\u00e9ant","url":"https:\/\/imeens.com\/","logo":{"@type":"ImageObject","inLanguage":"en-US","@id":"https:\/\/imeens.com\/#\/schema\/logo\/image\/","url":"https:\/\/imeens.com\/wp-content\/uploads\/2022\/02\/Logo-imeens-noir.png","contentUrl":"https:\/\/imeens.com\/wp-content\/uploads\/2022\/02\/Logo-imeens-noir.png","width":2084,"height":467,"caption":"Imeens\u00ae - \u00c9cran g\u00e9ant"},"image":{"@id":"https:\/\/imeens.com\/#\/schema\/logo\/image\/"}}]}},"_links":{"self":[{"href":"https:\/\/imeens.com\/en\/wp-json\/wp\/v2\/pages\/3996","targetHints":{"allow":["GET"]}}],"collection":[{"href":"https:\/\/imeens.com\/en\/wp-json\/wp\/v2\/pages"}],"about":[{"href":"https:\/\/imeens.com\/en\/wp-json\/wp\/v2\/types\/page"}],"author":[{"embeddable":true,"href":"https:\/\/imeens.com\/en\/wp-json\/wp\/v2\/users\/3"}],"replies":[{"embeddable":true,"href":"https:\/\/imeens.com\/en\/wp-json\/wp\/v2\/comments?post=3996"}],"version-history":[{"count":11,"href":"https:\/\/imeens.com\/en\/wp-json\/wp\/v2\/pages\/3996\/revisions"}],"predecessor-version":[{"id":4029,"href":"https:\/\/imeens.com\/en\/wp-json\/wp\/v2\/pages\/3996\/revisions\/4029"}],"wp:attachment":[{"href":"https:\/\/imeens.com\/en\/wp-json\/wp\/v2\/media?parent=3996"}],"curies":[{"name":"wp","href":"https:\/\/api.w.org\/{rel}","templated":true}]}}