{"id":4143,"date":"2021-10-07T10:22:34","date_gmt":"2021-10-07T08:22:34","guid":{"rendered":"https:\/\/imeens.com\/tarifs\/"},"modified":"2022-03-17T10:58:56","modified_gmt":"2022-03-17T09:58:56","slug":"tarifs","status":"publish","type":"page","link":"https:\/\/imeens.com\/en\/tarifs\/","title":{"rendered":"Prices"},"content":{"rendered":"","protected":false},"excerpt":{"rendered":"","protected":false},"author":3,"featured_media":6227,"parent":0,"menu_order":0,"comment_status":"closed","ping_status":"closed","template":"templates\/template-flexible.php","meta":{"footnotes":""},"class_list":["post-4143","page","type-page","status-publish","has-post-thumbnail","hentry"],"acf":[],"yoast_head":"<!-- This site is optimized with the Yoast SEO plugin v27.4 - https:\/\/yoast.com\/product\/yoast-seo-wordpress\/ -->\n<title>Tarifs \u00e9crans g\u00e9ants LED - Imeens<\/title>\n<meta name=\"description\" content=\"Retrouvez le d\u00e9tail des prix des \u00e9crans g\u00e9ants de la gamme Imeens\u00aeforBUSINESS\" \/>\n<meta name=\"robots\" content=\"index, follow, max-snippet:-1, max-image-preview:large, max-video-preview:-1\" \/>\n<link rel=\"canonical\" href=\"https:\/\/imeens.com\/en\/tarifs\/\" \/>\n<meta property=\"og:locale\" content=\"en_US\" \/>\n<meta property=\"og:type\" content=\"article\" \/>\n<meta property=\"og:title\" content=\"Tarifs \u00e9crans g\u00e9ants LED - Imeens\" \/>\n<meta property=\"og:description\" content=\"Retrouvez le d\u00e9tail des prix des \u00e9crans g\u00e9ants de la gamme Imeens\u00aeforBUSINESS\" \/>\n<meta property=\"og:url\" content=\"https:\/\/imeens.com\/en\/tarifs\/\" \/>\n<meta property=\"og:site_name\" content=\"Imeens\" \/>\n<meta property=\"article:modified_time\" content=\"2022-03-17T09:58:56+00:00\" \/>\n<meta name=\"twitter:card\" content=\"summary_large_image\" \/>\n<script type=\"application\/ld+json\" class=\"yoast-schema-graph\">{\"@context\":\"https:\\\/\\\/schema.org\",\"@graph\":[{\"@type\":\"WebPage\",\"@id\":\"https:\\\/\\\/imeens.com\\\/en\\\/tarifs\\\/\",\"url\":\"https:\\\/\\\/imeens.com\\\/en\\\/tarifs\\\/\",\"name\":\"Tarifs \u00e9crans g\u00e9ants LED - Imeens\",\"isPartOf\":{\"@id\":\"https:\\\/\\\/imeens.com\\\/#website\"},\"primaryImageOfPage\":{\"@id\":\"https:\\\/\\\/imeens.com\\\/en\\\/tarifs\\\/#primaryimage\"},\"image\":{\"@id\":\"https:\\\/\\\/imeens.com\\\/en\\\/tarifs\\\/#primaryimage\"},\"thumbnailUrl\":\"https:\\\/\\\/imeens.com\\\/wp-content\\\/uploads\\\/2023\\\/03\\\/IMG_20230222_135948-1-scaled.jpg\",\"datePublished\":\"2021-10-07T08:22:34+00:00\",\"dateModified\":\"2022-03-17T09:58:56+00:00\",\"description\":\"Retrouvez le d\u00e9tail des prix des \u00e9crans g\u00e9ants de la gamme Imeens\u00aeforBUSINESS\",\"inLanguage\":\"en-US\",\"potentialAction\":[{\"@type\":\"ReadAction\",\"target\":[\"https:\\\/\\\/imeens.com\\\/en\\\/tarifs\\\/\"]}]},{\"@type\":\"ImageObject\",\"inLanguage\":\"en-US\",\"@id\":\"https:\\\/\\\/imeens.com\\\/en\\\/tarifs\\\/#primaryimage\",\"url\":\"https:\\\/\\\/imeens.com\\\/wp-content\\\/uploads\\\/2023\\\/03\\\/IMG_20230222_135948-1-scaled.jpg\",\"contentUrl\":\"https:\\\/\\\/imeens.com\\\/wp-content\\\/uploads\\\/2023\\\/03\\\/IMG_20230222_135948-1-scaled.jpg\",\"width\":2353,\"height\":2560,\"caption\":\"tv grand ecran televiseur grande taille led microled 4k\"},{\"@type\":\"WebSite\",\"@id\":\"https:\\\/\\\/imeens.com\\\/#website\",\"url\":\"https:\\\/\\\/imeens.com\\\/\",\"name\":\"Imeens\",\"description\":\"Mur LED, \u00e9cran g\u00e9ant LED et mur d&#039;\u00e9cran MicroLED 4K\",\"publisher\":{\"@id\":\"https:\\\/\\\/imeens.com\\\/#organization\"},\"potentialAction\":[{\"@type\":\"SearchAction\",\"target\":{\"@type\":\"EntryPoint\",\"urlTemplate\":\"https:\\\/\\\/imeens.com\\\/?s={search_term_string}\"},\"query-input\":{\"@type\":\"PropertyValueSpecification\",\"valueRequired\":true,\"valueName\":\"search_term_string\"}}],\"inLanguage\":\"en-US\"},{\"@type\":\"Organization\",\"@id\":\"https:\\\/\\\/imeens.com\\\/#organization\",\"name\":\"Imeens\u00ae - \u00c9cran g\u00e9ant\",\"url\":\"https:\\\/\\\/imeens.com\\\/\",\"logo\":{\"@type\":\"ImageObject\",\"inLanguage\":\"en-US\",\"@id\":\"https:\\\/\\\/imeens.com\\\/#\\\/schema\\\/logo\\\/image\\\/\",\"url\":\"https:\\\/\\\/imeens.com\\\/wp-content\\\/uploads\\\/2022\\\/02\\\/Logo-imeens-noir.png\",\"contentUrl\":\"https:\\\/\\\/imeens.com\\\/wp-content\\\/uploads\\\/2022\\\/02\\\/Logo-imeens-noir.png\",\"width\":2084,\"height\":467,\"caption\":\"Imeens\u00ae - \u00c9cran g\u00e9ant\"},\"image\":{\"@id\":\"https:\\\/\\\/imeens.com\\\/#\\\/schema\\\/logo\\\/image\\\/\"}}]}<\/script>\n<!-- \/ Yoast SEO plugin. -->","yoast_head_json":{"title":"Tarifs \u00e9crans g\u00e9ants LED - Imeens","description":"Retrouvez le d\u00e9tail des prix des \u00e9crans g\u00e9ants de la gamme Imeens\u00aeforBUSINESS","robots":{"index":"index","follow":"follow","max-snippet":"max-snippet:-1","max-image-preview":"max-image-preview:large","max-video-preview":"max-video-preview:-1"},"canonical":"https:\/\/imeens.com\/en\/tarifs\/","og_locale":"en_US","og_type":"article","og_title":"Tarifs \u00e9crans g\u00e9ants LED - Imeens","og_description":"Retrouvez le d\u00e9tail des prix des \u00e9crans g\u00e9ants de la gamme Imeens\u00aeforBUSINESS","og_url":"https:\/\/imeens.com\/en\/tarifs\/","og_site_name":"Imeens","article_modified_time":"2022-03-17T09:58:56+00:00","twitter_card":"summary_large_image","schema":{"@context":"https:\/\/schema.org","@graph":[{"@type":"WebPage","@id":"https:\/\/imeens.com\/en\/tarifs\/","url":"https:\/\/imeens.com\/en\/tarifs\/","name":"Tarifs \u00e9crans g\u00e9ants LED - Imeens","isPartOf":{"@id":"https:\/\/imeens.com\/#website"},"primaryImageOfPage":{"@id":"https:\/\/imeens.com\/en\/tarifs\/#primaryimage"},"image":{"@id":"https:\/\/imeens.com\/en\/tarifs\/#primaryimage"},"thumbnailUrl":"https:\/\/imeens.com\/wp-content\/uploads\/2023\/03\/IMG_20230222_135948-1-scaled.jpg","datePublished":"2021-10-07T08:22:34+00:00","dateModified":"2022-03-17T09:58:56+00:00","description":"Retrouvez le d\u00e9tail des prix des \u00e9crans g\u00e9ants de la gamme Imeens\u00aeforBUSINESS","inLanguage":"en-US","potentialAction":[{"@type":"ReadAction","target":["https:\/\/imeens.com\/en\/tarifs\/"]}]},{"@type":"ImageObject","inLanguage":"en-US","@id":"https:\/\/imeens.com\/en\/tarifs\/#primaryimage","url":"https:\/\/imeens.com\/wp-content\/uploads\/2023\/03\/IMG_20230222_135948-1-scaled.jpg","contentUrl":"https:\/\/imeens.com\/wp-content\/uploads\/2023\/03\/IMG_20230222_135948-1-scaled.jpg","width":2353,"height":2560,"caption":"tv grand ecran televiseur grande taille led microled 4k"},{"@type":"WebSite","@id":"https:\/\/imeens.com\/#website","url":"https:\/\/imeens.com\/","name":"Imeens","description":"Mur LED, \u00e9cran g\u00e9ant LED et mur d&#039;\u00e9cran MicroLED 4K","publisher":{"@id":"https:\/\/imeens.com\/#organization"},"potentialAction":[{"@type":"SearchAction","target":{"@type":"EntryPoint","urlTemplate":"https:\/\/imeens.com\/?s={search_term_string}"},"query-input":{"@type":"PropertyValueSpecification","valueRequired":true,"valueName":"search_term_string"}}],"inLanguage":"en-US"},{"@type":"Organization","@id":"https:\/\/imeens.com\/#organization","name":"Imeens\u00ae - \u00c9cran g\u00e9ant","url":"https:\/\/imeens.com\/","logo":{"@type":"ImageObject","inLanguage":"en-US","@id":"https:\/\/imeens.com\/#\/schema\/logo\/image\/","url":"https:\/\/imeens.com\/wp-content\/uploads\/2022\/02\/Logo-imeens-noir.png","contentUrl":"https:\/\/imeens.com\/wp-content\/uploads\/2022\/02\/Logo-imeens-noir.png","width":2084,"height":467,"caption":"Imeens\u00ae - \u00c9cran g\u00e9ant"},"image":{"@id":"https:\/\/imeens.com\/#\/schema\/logo\/image\/"}}]}},"_links":{"self":[{"href":"https:\/\/imeens.com\/en\/wp-json\/wp\/v2\/pages\/4143","targetHints":{"allow":["GET"]}}],"collection":[{"href":"https:\/\/imeens.com\/en\/wp-json\/wp\/v2\/pages"}],"about":[{"href":"https:\/\/imeens.com\/en\/wp-json\/wp\/v2\/types\/page"}],"author":[{"embeddable":true,"href":"https:\/\/imeens.com\/en\/wp-json\/wp\/v2\/users\/3"}],"replies":[{"embeddable":true,"href":"https:\/\/imeens.com\/en\/wp-json\/wp\/v2\/comments?post=4143"}],"version-history":[{"count":4,"href":"https:\/\/imeens.com\/en\/wp-json\/wp\/v2\/pages\/4143\/revisions"}],"predecessor-version":[{"id":5028,"href":"https:\/\/imeens.com\/en\/wp-json\/wp\/v2\/pages\/4143\/revisions\/5028"}],"wp:featuredmedia":[{"embeddable":true,"href":"https:\/\/imeens.com\/en\/wp-json\/wp\/v2\/media\/6227"}],"wp:attachment":[{"href":"https:\/\/imeens.com\/en\/wp-json\/wp\/v2\/media?parent=4143"}],"curies":[{"name":"wp","href":"https:\/\/api.w.org\/{rel}","templated":true}]}}