{"id":4354,"date":"2022-03-16T09:54:44","date_gmt":"2022-03-16T08:54:44","guid":{"rendered":"https:\/\/imeens.com\/?page_id=4354"},"modified":"2022-03-17T09:59:48","modified_gmt":"2022-03-17T08:59:48","slug":"imeens-one","status":"publish","type":"page","link":"https:\/\/imeens.com\/en\/imeens-one\/","title":{"rendered":"Imeens\u00aeONE"},"content":{"rendered":"","protected":false},"excerpt":{"rendered":"","protected":false},"author":3,"featured_media":6868,"parent":0,"menu_order":0,"comment_status":"closed","ping_status":"closed","template":"templates\/template-flexible.php","meta":[],"acf":[],"yoast_head":"<!-- This site is optimized with the Yoast SEO plugin v19.13 - https:\/\/yoast.com\/wordpress\/plugins\/seo\/ -->\n<title>Giant LED Screen Display - Imeens\u00aeONE - High-Definition LED Screens<\/title>\n<meta name=\"description\" content=\"D\u00e9couvrez les plus grands t\u00e9l\u00e9viseurs LED au monde. IMEENS\u00ae t\u00e9l\u00e9viseurs LED grand format con\u00e7us pour les professionnels. TV grand format LED \u00e9cran g\u00e9ant prix et tarifs ecran geant int\u00e9rieur tv grand format tv grandes tailles shenzhen\" \/>\n<meta name=\"robots\" content=\"index, follow, max-snippet:-1, max-image-preview:large, max-video-preview:-1\" \/>\n<link rel=\"canonical\" href=\"https:\/\/imeens.com\/en\/imeens-one\/\" \/>\n<meta property=\"og:locale\" content=\"en_US\" \/>\n<meta property=\"og:type\" content=\"article\" \/>\n<meta property=\"og:title\" content=\"Giant LED Screen Display - Imeens\u00aeONE - High-Definition LED Screens\" \/>\n<meta property=\"og:description\" content=\"D\u00e9couvrez les plus grands t\u00e9l\u00e9viseurs LED au monde. IMEENS\u00ae t\u00e9l\u00e9viseurs LED grand format con\u00e7us pour les professionnels. TV grand format LED \u00e9cran g\u00e9ant prix et tarifs ecran geant int\u00e9rieur tv grand format tv grandes tailles shenzhen\" \/>\n<meta property=\"og:url\" content=\"https:\/\/imeens.com\/en\/imeens-one\/\" \/>\n<meta property=\"og:site_name\" content=\"Imeens\" \/>\n<meta property=\"article:modified_time\" content=\"2022-03-17T08:59:48+00:00\" \/>\n<meta name=\"twitter:card\" content=\"summary_large_image\" \/>\n<script type=\"application\/ld+json\" class=\"yoast-schema-graph\">{\"@context\":\"https:\/\/schema.org\",\"@graph\":[{\"@type\":\"WebPage\",\"@id\":\"https:\/\/imeens.com\/en\/imeens-one\/\",\"url\":\"https:\/\/imeens.com\/en\/imeens-one\/\",\"name\":\"Giant LED Screen Display - Imeens\u00aeONE - High-Definition LED Screens\",\"isPartOf\":{\"@id\":\"https:\/\/imeens.com\/#website\"},\"datePublished\":\"2022-03-16T08:54:44+00:00\",\"dateModified\":\"2022-03-17T08:59:48+00:00\",\"description\":\"D\u00e9couvrez les plus grands t\u00e9l\u00e9viseurs LED au monde. IMEENS\u00ae t\u00e9l\u00e9viseurs LED grand format con\u00e7us pour les professionnels. TV grand format LED \u00e9cran g\u00e9ant prix et tarifs ecran geant int\u00e9rieur tv grand format tv grandes tailles shenzhen\",\"inLanguage\":\"en-US\",\"potentialAction\":[{\"@type\":\"ReadAction\",\"target\":[\"https:\/\/imeens.com\/en\/imeens-one\/\"]}]},{\"@type\":\"WebSite\",\"@id\":\"https:\/\/imeens.com\/#website\",\"url\":\"https:\/\/imeens.com\/\",\"name\":\"Imeens\",\"description\":\"Mur LED, \u00e9cran g\u00e9ant LED et mur d&#039;\u00e9cran MicroLED 4K\",\"publisher\":{\"@id\":\"https:\/\/imeens.com\/#organization\"},\"potentialAction\":[{\"@type\":\"SearchAction\",\"target\":{\"@type\":\"EntryPoint\",\"urlTemplate\":\"https:\/\/imeens.com\/?s={search_term_string}\"},\"query-input\":\"required name=search_term_string\"}],\"inLanguage\":\"en-US\"},{\"@type\":\"Organization\",\"@id\":\"https:\/\/imeens.com\/#organization\",\"name\":\"Imeens\u00ae - \u00c9cran g\u00e9ant\",\"url\":\"https:\/\/imeens.com\/\",\"logo\":{\"@type\":\"ImageObject\",\"inLanguage\":\"en-US\",\"@id\":\"https:\/\/imeens.com\/#\/schema\/logo\/image\/\",\"url\":\"https:\/\/imeens.com\/wp-content\/uploads\/2022\/02\/Logo-imeens-noir.png\",\"contentUrl\":\"https:\/\/imeens.com\/wp-content\/uploads\/2022\/02\/Logo-imeens-noir.png\",\"width\":2084,\"height\":467,\"caption\":\"Imeens\u00ae - \u00c9cran g\u00e9ant\"},\"image\":{\"@id\":\"https:\/\/imeens.com\/#\/schema\/logo\/image\/\"}}]}<\/script>\n<!-- \/ Yoast SEO plugin. -->","yoast_head_json":{"title":"Giant LED Screen Display - Imeens\u00aeONE - High-Definition LED Screens","description":"D\u00e9couvrez les plus grands t\u00e9l\u00e9viseurs LED au monde. IMEENS\u00ae t\u00e9l\u00e9viseurs LED grand format con\u00e7us pour les professionnels. TV grand format LED \u00e9cran g\u00e9ant prix et tarifs ecran geant int\u00e9rieur tv grand format tv grandes tailles shenzhen","robots":{"index":"index","follow":"follow","max-snippet":"max-snippet:-1","max-image-preview":"max-image-preview:large","max-video-preview":"max-video-preview:-1"},"canonical":"https:\/\/imeens.com\/en\/imeens-one\/","og_locale":"en_US","og_type":"article","og_title":"Giant LED Screen Display - Imeens\u00aeONE - High-Definition LED Screens","og_description":"D\u00e9couvrez les plus grands t\u00e9l\u00e9viseurs LED au monde. IMEENS\u00ae t\u00e9l\u00e9viseurs LED grand format con\u00e7us pour les professionnels. TV grand format LED \u00e9cran g\u00e9ant prix et tarifs ecran geant int\u00e9rieur tv grand format tv grandes tailles shenzhen","og_url":"https:\/\/imeens.com\/en\/imeens-one\/","og_site_name":"Imeens","article_modified_time":"2022-03-17T08:59:48+00:00","twitter_card":"summary_large_image","schema":{"@context":"https:\/\/schema.org","@graph":[{"@type":"WebPage","@id":"https:\/\/imeens.com\/en\/imeens-one\/","url":"https:\/\/imeens.com\/en\/imeens-one\/","name":"Giant LED Screen Display - Imeens\u00aeONE - High-Definition LED Screens","isPartOf":{"@id":"https:\/\/imeens.com\/#website"},"datePublished":"2022-03-16T08:54:44+00:00","dateModified":"2022-03-17T08:59:48+00:00","description":"D\u00e9couvrez les plus grands t\u00e9l\u00e9viseurs LED au monde. IMEENS\u00ae t\u00e9l\u00e9viseurs LED grand format con\u00e7us pour les professionnels. TV grand format LED \u00e9cran g\u00e9ant prix et tarifs ecran geant int\u00e9rieur tv grand format tv grandes tailles shenzhen","inLanguage":"en-US","potentialAction":[{"@type":"ReadAction","target":["https:\/\/imeens.com\/en\/imeens-one\/"]}]},{"@type":"WebSite","@id":"https:\/\/imeens.com\/#website","url":"https:\/\/imeens.com\/","name":"Imeens","description":"Mur LED, \u00e9cran g\u00e9ant LED et mur d&#039;\u00e9cran MicroLED 4K","publisher":{"@id":"https:\/\/imeens.com\/#organization"},"potentialAction":[{"@type":"SearchAction","target":{"@type":"EntryPoint","urlTemplate":"https:\/\/imeens.com\/?s={search_term_string}"},"query-input":"required name=search_term_string"}],"inLanguage":"en-US"},{"@type":"Organization","@id":"https:\/\/imeens.com\/#organization","name":"Imeens\u00ae - \u00c9cran g\u00e9ant","url":"https:\/\/imeens.com\/","logo":{"@type":"ImageObject","inLanguage":"en-US","@id":"https:\/\/imeens.com\/#\/schema\/logo\/image\/","url":"https:\/\/imeens.com\/wp-content\/uploads\/2022\/02\/Logo-imeens-noir.png","contentUrl":"https:\/\/imeens.com\/wp-content\/uploads\/2022\/02\/Logo-imeens-noir.png","width":2084,"height":467,"caption":"Imeens\u00ae - \u00c9cran g\u00e9ant"},"image":{"@id":"https:\/\/imeens.com\/#\/schema\/logo\/image\/"}}]}},"_links":{"self":[{"href":"https:\/\/imeens.com\/en\/wp-json\/wp\/v2\/pages\/4354"}],"collection":[{"href":"https:\/\/imeens.com\/en\/wp-json\/wp\/v2\/pages"}],"about":[{"href":"https:\/\/imeens.com\/en\/wp-json\/wp\/v2\/types\/page"}],"author":[{"embeddable":true,"href":"https:\/\/imeens.com\/en\/wp-json\/wp\/v2\/users\/3"}],"replies":[{"embeddable":true,"href":"https:\/\/imeens.com\/en\/wp-json\/wp\/v2\/comments?post=4354"}],"version-history":[{"count":20,"href":"https:\/\/imeens.com\/en\/wp-json\/wp\/v2\/pages\/4354\/revisions"}],"predecessor-version":[{"id":5019,"href":"https:\/\/imeens.com\/en\/wp-json\/wp\/v2\/pages\/4354\/revisions\/5019"}],"wp:featuredmedia":[{"embeddable":true,"href":"https:\/\/imeens.com\/en\/wp-json\/wp\/v2\/media\/6868"}],"wp:attachment":[{"href":"https:\/\/imeens.com\/en\/wp-json\/wp\/v2\/media?parent=4354"}],"curies":[{"name":"wp","href":"https:\/\/api.w.org\/{rel}","templated":true}]}}